{"id":7695,"date":"2019-11-29T14:49:16","date_gmt":"2019-11-29T19:49:16","guid":{"rendered":"https:\/\/www.neuro-concept.ca\/?page_id=7695"},"modified":"2025-07-10T17:40:37","modified_gmt":"2025-07-10T21:40:37","slug":"dre-charlotte-pion","status":"publish","type":"page","link":"https:\/\/www.neuro-concept.ca\/fr\/nos-experts\/dre-charlotte-pion\/","title":{"rendered":"Dre Charlotte Pion, PhD, Kin, Admin. A."},"content":{"rendered":"\t\t<div data-elementor-type=\"wp-post\" data-elementor-id=\"7695\" class=\"elementor elementor-7695\">\n\t\t\t\t\t\t<section class=\"elementor-section elementor-top-section elementor-element elementor-element-a51681e single-equipe elementor-section-boxed elementor-section-height-default elementor-section-height-default\" data-id=\"a51681e\" data-element_type=\"section\" data-e-type=\"section\">\n\t\t\t\t\t\t<div class=\"elementor-container elementor-column-gap-default\">\n\t\t\t\t\t<div class=\"elementor-column elementor-col-33 elementor-top-column elementor-element elementor-element-5fc4495\" data-id=\"5fc4495\" data-element_type=\"column\" data-e-type=\"column\">\n\t\t\t<div class=\"elementor-widget-wrap elementor-element-populated\">\n\t\t\t\t\t\t<div class=\"elementor-element elementor-element-d67e52f elementor-widget elementor-widget-image\" data-id=\"d67e52f\" data-element_type=\"widget\" data-e-type=\"widget\" data-widget_type=\"image.default\">\n\t\t\t\t<div class=\"elementor-widget-container\">\n\t\t\t\t\t\t\t\t\t\t\t\t\t\t\t<img fetchpriority=\"high\" decoding=\"async\" width=\"370\" height=\"548\" src=\"https:\/\/www.neuro-concept.ca\/wp-content\/uploads\/2021\/11\/1R4A8268@2x.jpg\" class=\"attachment-large size-large wp-image-10535\" alt=\"Dre Charlotte Pion, PhD\" srcset=\"https:\/\/www.neuro-concept.ca\/wp-content\/uploads\/2021\/11\/1R4A8268@2x.jpg 370w, https:\/\/www.neuro-concept.ca\/wp-content\/uploads\/2021\/11\/1R4A8268@2x-203x300.jpg 203w\" sizes=\"(max-width: 370px) 100vw, 370px\" \/>\t\t\t\t\t\t\t\t\t\t\t\t\t\t\t<\/div>\n\t\t\t\t<\/div>\n\t\t\t\t<div class=\"elementor-element elementor-element-cb8dcc2 elementor-widget elementor-widget-rt-title\" data-id=\"cb8dcc2\" data-element_type=\"widget\" data-e-type=\"widget\" data-widget_type=\"rt-title.default\">\n\t\t\t\t<div class=\"elementor-widget-container\">\n\t\t\t\t\t<div class=\"section-heading heading-dark text-left heading-layout1\">\n        <h2 class=\"rtin-title\">Dre Charlotte Pion, PhD, Kin.Admin. A.<\/h2>\n        \t\t\t<p class=\"rtin-subtitle\">Kin\u00e9siologue et admnistratrice agr\u00e9e<\/p> \n         <\/div>\t\t\t\t<\/div>\n\t\t\t\t<\/div>\n\t\t\t\t\t<\/div>\n\t\t<\/div>\n\t\t\t\t<div class=\"elementor-column elementor-col-66 elementor-top-column elementor-element elementor-element-0bb1ea4\" data-id=\"0bb1ea4\" data-element_type=\"column\" data-e-type=\"column\">\n\t\t\t<div class=\"elementor-widget-wrap elementor-element-populated\">\n\t\t\t\t\t\t<div class=\"elementor-element elementor-element-30e0628 elementor-widget elementor-widget-text-editor\" data-id=\"30e0628\" data-element_type=\"widget\" data-e-type=\"widget\" data-widget_type=\"text-editor.default\">\n\t\t\t\t<div class=\"elementor-widget-container\">\n\t\t\t\t\t\t\t\t\t<p><strong data-start=\"284\" data-end=\"325\">Directrice de la recherche \u2013 NeuroTeQ<\/strong><br data-start=\"325\" data-end=\"328\" \/><strong data-start=\"328\" data-end=\"422\">Experte en r\u00e9adaptation neurologique\u00a0<\/strong><\/p><p>Dr Charlotte Pion est titulaire d\u2019un <strong data-start=\"426\" data-end=\"450\">doctorat en biologie<\/strong>, ainsi qu\u2019un <strong data-start=\"510\" data-end=\"557\">postdoctorat en sciences de la r\u00e9adaptation<\/strong>. Son parcours scientifique et clinique l\u2019a men\u00e9e \u00e0 d\u00e9velopper une expertise approfondie dans l\u2019\u00e9tude du <strong data-start=\"662\" data-end=\"689\">syst\u00e8me nerveux central<\/strong>, de la <strong data-start=\"697\" data-end=\"721\">plasticit\u00e9 c\u00e9r\u00e9brale<\/strong> et de la <strong data-start=\"731\" data-end=\"778\">r\u00e9cup\u00e9ration fonctionnelle post-l\u00e9sionnelle<\/strong>. Elle est actuellement <strong data-start=\"655\" data-end=\"706\">directrice du d\u00e9partement de recherche NeuroTeQ<\/strong>, l\u2019unit\u00e9 de recherche et d\u2019innovation clinique de Neuro-Concept et professeure associ\u00e9e \u00e0 l&#8217;Universit\u00e9 de Montr\u00e9al.<\/p><p data-start=\"773\" data-end=\"1036\">Son expertise porte sur la <strong data-start=\"800\" data-end=\"824\">plasticit\u00e9 c\u00e9r\u00e9brale<\/strong>, le <strong data-start=\"829\" data-end=\"848\">contr\u00f4le moteur<\/strong>, l\u2019<strong data-start=\"852\" data-end=\"874\">\u00e9quilibre postural<\/strong>, et les <strong data-start=\"883\" data-end=\"922\">troubles neurologiques fonctionnels<\/strong> \u2014 une condition encore trop souvent m\u00e9connue, situ\u00e9e \u00e0 l\u2019interface entre neurologie, psychologie et r\u00e9adaptation.<\/p><p data-start=\"1093\" data-end=\"1573\">Au sein de <strong data-start=\"1104\" data-end=\"1121\">Neuro-Concept<\/strong> et du d\u00e9partement de recherche <strong data-start=\"1153\" data-end=\"1165\">NeuroTeQ<\/strong>, Dr Pion contribue activement au d\u00e9veloppement de projets de <strong data-start=\"1227\" data-end=\"1259\">recherche clinique appliqu\u00e9e<\/strong>, \u00e0 la <strong data-start=\"1266\" data-end=\"1325\">validation scientifique de technologies de r\u00e9adaptation<\/strong> et au <strong data-start=\"1332\" data-end=\"1379\">transfert de connaissances vers la pratique<\/strong>. Chercheure-clinicienne rigoureuse et p\u00e9dagogue engag\u00e9e, elle contribue activement au <strong data-start=\"1100\" data-end=\"1164\">d\u00e9veloppement des pratiques bas\u00e9es sur les donn\u00e9es probantes ainsi qu<\/strong>&#8216;\u00e0 la <strong data-start=\"1171\" data-end=\"1203\">formation interdisciplinaire.<\/strong><\/p><p data-start=\"1575\" data-end=\"1732\">Dr Pion est reconnue pour <strong data-start=\"1553\" data-end=\"1663\">son esprit analytique et son engagement envers l\u2019excellence en r\u00e9adaptation neurologique<\/strong>.<\/p>\t\t\t\t\t\t\t\t<\/div>\n\t\t\t\t<\/div>\n\t\t\t\t\t<\/div>\n\t\t<\/div>\n\t\t\t\t\t<\/div>\n\t\t<\/section>\n\t\t\t\t<\/div>\n\t\t","protected":false},"excerpt":{"rendered":"<p>Dre Charlotte Pion, PhD, Kin.Admin. A. Kin\u00e9siologue et admnistratrice agr\u00e9e Directrice de la recherche \u2013 NeuroTeQExperte en r\u00e9adaptation neurologique\u00a0 Dr Charlotte Pion est titulaire d\u2019un doctorat en biologie, ainsi qu\u2019un postdoctorat en sciences de la r\u00e9adaptation. Son parcours scientifique et clinique l\u2019a men\u00e9e \u00e0 d\u00e9velopper une expertise approfondie dans l\u2019\u00e9tude du syst\u00e8me nerveux central, de&#8230;<\/p>\n","protected":false},"author":9,"featured_media":0,"parent":1128,"menu_order":0,"comment_status":"closed","ping_status":"closed","template":"","meta":{"_monsterinsights_skip_tracking":false,"_monsterinsights_sitenote_active":false,"_monsterinsights_sitenote_note":"","_monsterinsights_sitenote_category":0,"footnotes":""},"class_list":["post-7695","page","type-page","status-publish","hentry"],"yoast_head":"<!-- This site is optimized with the Yoast SEO plugin v27.4 - https:\/\/yoast.com\/product\/yoast-seo-wordpress\/ -->\n<title>Dre Charlotte Pion | Directrice recherche NeuroTeQ<\/title>\n<meta name=\"description\" content=\"Chercheure-clinicienne reconnue, Dre Pion dirige NeuroTeQ, le d\u00e9partement de recherche et innovation de Neuro-Concept.\" \/>\n<meta name=\"robots\" content=\"index, follow, max-snippet:-1, max-image-preview:large, max-video-preview:-1\" \/>\n<link rel=\"canonical\" href=\"https:\/\/www.neuro-concept.ca\/fr\/nos-experts\/dre-charlotte-pion\/\" \/>\n<meta property=\"og:locale\" content=\"fr_FR\" \/>\n<meta property=\"og:type\" content=\"article\" \/>\n<meta property=\"og:title\" content=\"Dre Charlotte Pion | Directrice recherche NeuroTeQ\" \/>\n<meta property=\"og:description\" content=\"Chercheure-clinicienne reconnue, Dre Pion dirige NeuroTeQ, le d\u00e9partement de recherche et innovation de Neuro-Concept.\" \/>\n<meta property=\"og:url\" content=\"https:\/\/www.neuro-concept.ca\/fr\/nos-experts\/dre-charlotte-pion\/\" \/>\n<meta property=\"og:site_name\" content=\"Neuro-Concept - Centre de r\u00e9adaptation neurologique\" \/>\n<meta property=\"article:publisher\" content=\"https:\/\/www.facebook.com\/neuroconcept\" \/>\n<meta property=\"article:modified_time\" content=\"2025-07-10T21:40:37+00:00\" \/>\n<meta property=\"og:image\" content=\"https:\/\/www.neuro-concept.ca\/wp-content\/uploads\/2021\/11\/1R4A8268@2x.jpg\" \/>\n<meta name=\"twitter:card\" content=\"summary_large_image\" \/>\n<meta name=\"twitter:site\" content=\"@NeuroConcept\" \/>\n<script type=\"application\/ld+json\" class=\"yoast-schema-graph\">{\"@context\":\"https:\\\/\\\/schema.org\",\"@graph\":[{\"@type\":\"WebPage\",\"@id\":\"https:\\\/\\\/www.neuro-concept.ca\\\/fr\\\/nos-experts\\\/dre-charlotte-pion\\\/\",\"url\":\"https:\\\/\\\/www.neuro-concept.ca\\\/fr\\\/nos-experts\\\/dre-charlotte-pion\\\/\",\"name\":\"Dre Charlotte Pion | Directrice recherche NeuroTeQ\",\"isPartOf\":{\"@id\":\"https:\\\/\\\/www.neuro-concept.ca\\\/fr\\\/#website\"},\"primaryImageOfPage\":{\"@id\":\"https:\\\/\\\/www.neuro-concept.ca\\\/fr\\\/nos-experts\\\/dre-charlotte-pion\\\/#primaryimage\"},\"image\":{\"@id\":\"https:\\\/\\\/www.neuro-concept.ca\\\/fr\\\/nos-experts\\\/dre-charlotte-pion\\\/#primaryimage\"},\"thumbnailUrl\":\"https:\\\/\\\/www.neuro-concept.ca\\\/wp-content\\\/uploads\\\/2021\\\/11\\\/1R4A8268@2x.jpg\",\"datePublished\":\"2019-11-29T19:49:16+00:00\",\"dateModified\":\"2025-07-10T21:40:37+00:00\",\"description\":\"Chercheure-clinicienne reconnue, Dre Pion dirige NeuroTeQ, le d\u00e9partement de recherche et innovation de Neuro-Concept.\",\"breadcrumb\":{\"@id\":\"https:\\\/\\\/www.neuro-concept.ca\\\/fr\\\/nos-experts\\\/dre-charlotte-pion\\\/#breadcrumb\"},\"inLanguage\":\"fr-ca\",\"potentialAction\":[{\"@type\":\"ReadAction\",\"target\":[\"https:\\\/\\\/www.neuro-concept.ca\\\/fr\\\/nos-experts\\\/dre-charlotte-pion\\\/\"]}]},{\"@type\":\"ImageObject\",\"inLanguage\":\"fr-ca\",\"@id\":\"https:\\\/\\\/www.neuro-concept.ca\\\/fr\\\/nos-experts\\\/dre-charlotte-pion\\\/#primaryimage\",\"url\":\"https:\\\/\\\/www.neuro-concept.ca\\\/wp-content\\\/uploads\\\/2021\\\/11\\\/1R4A8268@2x.jpg\",\"contentUrl\":\"https:\\\/\\\/www.neuro-concept.ca\\\/wp-content\\\/uploads\\\/2021\\\/11\\\/1R4A8268@2x.jpg\"},{\"@type\":\"BreadcrumbList\",\"@id\":\"https:\\\/\\\/www.neuro-concept.ca\\\/fr\\\/nos-experts\\\/dre-charlotte-pion\\\/#breadcrumb\",\"itemListElement\":[{\"@type\":\"ListItem\",\"position\":1,\"name\":\"Home\",\"item\":\"https:\\\/\\\/www.neuro-concept.ca\\\/fr\\\/\"},{\"@type\":\"ListItem\",\"position\":2,\"name\":\"Nos experts en r\u00e9adaptation\",\"item\":\"https:\\\/\\\/www.neuro-concept.ca\\\/fr\\\/nos-experts\\\/\"},{\"@type\":\"ListItem\",\"position\":3,\"name\":\"Dre Charlotte Pion, PhD, Kin, Admin. A.\"}]},{\"@type\":\"WebSite\",\"@id\":\"https:\\\/\\\/www.neuro-concept.ca\\\/fr\\\/#website\",\"url\":\"https:\\\/\\\/www.neuro-concept.ca\\\/fr\\\/\",\"name\":\"Neuro-Concept - Centre de r\u00e9adaptation neurologique\",\"description\":\"La sant\u00e9 - \u00c0 la port\u00e9e de tous\",\"publisher\":{\"@id\":\"https:\\\/\\\/www.neuro-concept.ca\\\/fr\\\/#organization\"},\"potentialAction\":[{\"@type\":\"SearchAction\",\"target\":{\"@type\":\"EntryPoint\",\"urlTemplate\":\"https:\\\/\\\/www.neuro-concept.ca\\\/fr\\\/?s={search_term_string}\"},\"query-input\":{\"@type\":\"PropertyValueSpecification\",\"valueRequired\":true,\"valueName\":\"search_term_string\"}}],\"inLanguage\":\"fr-ca\"},{\"@type\":\"Organization\",\"@id\":\"https:\\\/\\\/www.neuro-concept.ca\\\/fr\\\/#organization\",\"name\":\"Neuro-Concept\",\"url\":\"https:\\\/\\\/www.neuro-concept.ca\\\/fr\\\/\",\"logo\":{\"@type\":\"ImageObject\",\"inLanguage\":\"fr-ca\",\"@id\":\"https:\\\/\\\/www.neuro-concept.ca\\\/fr\\\/#\\\/schema\\\/logo\\\/image\\\/\",\"url\":\"https:\\\/\\\/www.neuro-concept.ca\\\/wp-content\\\/uploads\\\/2019\\\/07\\\/favicon-1.png\",\"contentUrl\":\"https:\\\/\\\/www.neuro-concept.ca\\\/wp-content\\\/uploads\\\/2019\\\/07\\\/favicon-1.png\",\"width\":330,\"height\":330,\"caption\":\"Neuro-Concept\"},\"image\":{\"@id\":\"https:\\\/\\\/www.neuro-concept.ca\\\/fr\\\/#\\\/schema\\\/logo\\\/image\\\/\"},\"sameAs\":[\"https:\\\/\\\/www.facebook.com\\\/neuroconcept\",\"https:\\\/\\\/x.com\\\/NeuroConcept\",\"https:\\\/\\\/www.instagram.com\\\/neuroconcept.rehab\\\/\",\"https:\\\/\\\/twitter.com\\\/NeuroConcept\"]}]}<\/script>\n<!-- \/ Yoast SEO plugin. -->","yoast_head_json":{"title":"Dre Charlotte Pion | Directrice recherche NeuroTeQ","description":"Chercheure-clinicienne reconnue, Dre Pion dirige NeuroTeQ, le d\u00e9partement de recherche et innovation de Neuro-Concept.","robots":{"index":"index","follow":"follow","max-snippet":"max-snippet:-1","max-image-preview":"max-image-preview:large","max-video-preview":"max-video-preview:-1"},"canonical":"https:\/\/www.neuro-concept.ca\/fr\/nos-experts\/dre-charlotte-pion\/","og_locale":"fr_FR","og_type":"article","og_title":"Dre Charlotte Pion | Directrice recherche NeuroTeQ","og_description":"Chercheure-clinicienne reconnue, Dre Pion dirige NeuroTeQ, le d\u00e9partement de recherche et innovation de Neuro-Concept.","og_url":"https:\/\/www.neuro-concept.ca\/fr\/nos-experts\/dre-charlotte-pion\/","og_site_name":"Neuro-Concept - Centre de r\u00e9adaptation neurologique","article_publisher":"https:\/\/www.facebook.com\/neuroconcept","article_modified_time":"2025-07-10T21:40:37+00:00","og_image":[{"url":"https:\/\/www.neuro-concept.ca\/wp-content\/uploads\/2021\/11\/1R4A8268@2x.jpg","type":"","width":"","height":""}],"twitter_card":"summary_large_image","twitter_site":"@NeuroConcept","schema":{"@context":"https:\/\/schema.org","@graph":[{"@type":"WebPage","@id":"https:\/\/www.neuro-concept.ca\/fr\/nos-experts\/dre-charlotte-pion\/","url":"https:\/\/www.neuro-concept.ca\/fr\/nos-experts\/dre-charlotte-pion\/","name":"Dre Charlotte Pion | Directrice recherche NeuroTeQ","isPartOf":{"@id":"https:\/\/www.neuro-concept.ca\/fr\/#website"},"primaryImageOfPage":{"@id":"https:\/\/www.neuro-concept.ca\/fr\/nos-experts\/dre-charlotte-pion\/#primaryimage"},"image":{"@id":"https:\/\/www.neuro-concept.ca\/fr\/nos-experts\/dre-charlotte-pion\/#primaryimage"},"thumbnailUrl":"https:\/\/www.neuro-concept.ca\/wp-content\/uploads\/2021\/11\/1R4A8268@2x.jpg","datePublished":"2019-11-29T19:49:16+00:00","dateModified":"2025-07-10T21:40:37+00:00","description":"Chercheure-clinicienne reconnue, Dre Pion dirige NeuroTeQ, le d\u00e9partement de recherche et innovation de Neuro-Concept.","breadcrumb":{"@id":"https:\/\/www.neuro-concept.ca\/fr\/nos-experts\/dre-charlotte-pion\/#breadcrumb"},"inLanguage":"fr-ca","potentialAction":[{"@type":"ReadAction","target":["https:\/\/www.neuro-concept.ca\/fr\/nos-experts\/dre-charlotte-pion\/"]}]},{"@type":"ImageObject","inLanguage":"fr-ca","@id":"https:\/\/www.neuro-concept.ca\/fr\/nos-experts\/dre-charlotte-pion\/#primaryimage","url":"https:\/\/www.neuro-concept.ca\/wp-content\/uploads\/2021\/11\/1R4A8268@2x.jpg","contentUrl":"https:\/\/www.neuro-concept.ca\/wp-content\/uploads\/2021\/11\/1R4A8268@2x.jpg"},{"@type":"BreadcrumbList","@id":"https:\/\/www.neuro-concept.ca\/fr\/nos-experts\/dre-charlotte-pion\/#breadcrumb","itemListElement":[{"@type":"ListItem","position":1,"name":"Home","item":"https:\/\/www.neuro-concept.ca\/fr\/"},{"@type":"ListItem","position":2,"name":"Nos experts en r\u00e9adaptation","item":"https:\/\/www.neuro-concept.ca\/fr\/nos-experts\/"},{"@type":"ListItem","position":3,"name":"Dre Charlotte Pion, PhD, Kin, Admin. A."}]},{"@type":"WebSite","@id":"https:\/\/www.neuro-concept.ca\/fr\/#website","url":"https:\/\/www.neuro-concept.ca\/fr\/","name":"Neuro-Concept - Centre de r\u00e9adaptation neurologique","description":"La sant\u00e9 - \u00c0 la port\u00e9e de tous","publisher":{"@id":"https:\/\/www.neuro-concept.ca\/fr\/#organization"},"potentialAction":[{"@type":"SearchAction","target":{"@type":"EntryPoint","urlTemplate":"https:\/\/www.neuro-concept.ca\/fr\/?s={search_term_string}"},"query-input":{"@type":"PropertyValueSpecification","valueRequired":true,"valueName":"search_term_string"}}],"inLanguage":"fr-ca"},{"@type":"Organization","@id":"https:\/\/www.neuro-concept.ca\/fr\/#organization","name":"Neuro-Concept","url":"https:\/\/www.neuro-concept.ca\/fr\/","logo":{"@type":"ImageObject","inLanguage":"fr-ca","@id":"https:\/\/www.neuro-concept.ca\/fr\/#\/schema\/logo\/image\/","url":"https:\/\/www.neuro-concept.ca\/wp-content\/uploads\/2019\/07\/favicon-1.png","contentUrl":"https:\/\/www.neuro-concept.ca\/wp-content\/uploads\/2019\/07\/favicon-1.png","width":330,"height":330,"caption":"Neuro-Concept"},"image":{"@id":"https:\/\/www.neuro-concept.ca\/fr\/#\/schema\/logo\/image\/"},"sameAs":["https:\/\/www.facebook.com\/neuroconcept","https:\/\/x.com\/NeuroConcept","https:\/\/www.instagram.com\/neuroconcept.rehab\/","https:\/\/twitter.com\/NeuroConcept"]}]}},"_links":{"self":[{"href":"https:\/\/www.neuro-concept.ca\/fr\/wp-json\/wp\/v2\/pages\/7695","targetHints":{"allow":["GET"]}}],"collection":[{"href":"https:\/\/www.neuro-concept.ca\/fr\/wp-json\/wp\/v2\/pages"}],"about":[{"href":"https:\/\/www.neuro-concept.ca\/fr\/wp-json\/wp\/v2\/types\/page"}],"author":[{"embeddable":true,"href":"https:\/\/www.neuro-concept.ca\/fr\/wp-json\/wp\/v2\/users\/9"}],"replies":[{"embeddable":true,"href":"https:\/\/www.neuro-concept.ca\/fr\/wp-json\/wp\/v2\/comments?post=7695"}],"version-history":[{"count":45,"href":"https:\/\/www.neuro-concept.ca\/fr\/wp-json\/wp\/v2\/pages\/7695\/revisions"}],"predecessor-version":[{"id":13995,"href":"https:\/\/www.neuro-concept.ca\/fr\/wp-json\/wp\/v2\/pages\/7695\/revisions\/13995"}],"up":[{"embeddable":true,"href":"https:\/\/www.neuro-concept.ca\/fr\/wp-json\/wp\/v2\/pages\/1128"}],"wp:attachment":[{"href":"https:\/\/www.neuro-concept.ca\/fr\/wp-json\/wp\/v2\/media?parent=7695"}],"curies":[{"name":"wp","href":"https:\/\/api.w.org\/{rel}","templated":true}]}}