{"id":7423,"date":"2019-11-15T09:18:28","date_gmt":"2019-11-15T14:18:28","guid":{"rendered":"https:\/\/www.neuro-concept.ca\/?page_id=7423"},"modified":"2020-07-29T16:29:27","modified_gmt":"2020-07-29T20:29:27","slug":"osteopathie","status":"publish","type":"page","link":"https:\/\/www.neuro-concept.ca\/fr\/services-readaptation-neurologique\/osteopathie\/","title":{"rendered":"Ost\u00e9opathie"},"content":{"rendered":"\t\t<div data-elementor-type=\"wp-post\" data-elementor-id=\"7423\" class=\"elementor elementor-7423\">\n\t\t\t\t\t\t<section class=\"elementor-section elementor-top-section elementor-element elementor-element-fdc1862 elementor-section-boxed elementor-section-height-default elementor-section-height-default\" data-id=\"fdc1862\" data-element_type=\"section\" data-e-type=\"section\">\n\t\t\t\t\t\t<div class=\"elementor-container elementor-column-gap-default\">\n\t\t\t\t\t<div class=\"elementor-column elementor-col-50 elementor-top-column elementor-element elementor-element-5f282f0\" data-id=\"5f282f0\" data-element_type=\"column\" data-e-type=\"column\">\n\t\t\t<div class=\"elementor-widget-wrap elementor-element-populated\">\n\t\t\t\t\t\t<div class=\"elementor-element elementor-element-b801cde elementor-widget elementor-widget-text-editor\" data-id=\"b801cde\" data-element_type=\"widget\" data-e-type=\"widget\" data-widget_type=\"text-editor.default\">\n\t\t\t\t<div class=\"elementor-widget-container\">\n\t\t\t\t\t\t\t\t\t<p>Peu importe votre \u00e2ge, que vous soyez un jeune ou un ain\u00e9, que vous soyez en convalescence, en r\u00e9adaptation, une personne sportive ou non, les traitements d\u2019ost\u00e9opathie de qualit\u00e9 peuvent vous aider. Chez Neuro-Concept, vous b\u00e9n\u00e9ficiez d\u2019une \u00e9quipe de sant\u00e9 interdisciplinaire, qui collaborent pour atteindre vos objectifs et assurer une coh\u00e9rence \u00e0 votre programme, l\u2019ost\u00e9opathie en fait partie int\u00e9grante.<\/p><p>L\u2019ost\u00e9opathie est une m\u00e9decine alternative qui consiste \u00e0 r\u00e9tablir l\u2019\u00e9quilibre du corps humain et \u00e0 optimiser sa capacit\u00e9 d\u2019autor\u00e9gulation. Elle permet le r\u00e9tablissement de la capacit\u00e9 de mouvement par des actes palpatoires pr\u00e9cis. L\u2019ost\u00e9opathie est une approche globale, qui consiste \u00e0 trouver et traiter les causes des douleurs et des dysfonctions du corps que ce soit sur le plan musculosquelettique, vert\u00e9bral, nerveux, cr\u00e2nien ou visc\u00e9ral.<\/p>\t\t\t\t\t\t\t\t<\/div>\n\t\t\t\t<\/div>\n\t\t\t\t\t<\/div>\n\t\t<\/div>\n\t\t\t\t<div class=\"elementor-column elementor-col-50 elementor-top-column elementor-element elementor-element-b28a3ea\" data-id=\"b28a3ea\" data-element_type=\"column\" data-e-type=\"column\">\n\t\t\t<div class=\"elementor-widget-wrap elementor-element-populated\">\n\t\t\t\t\t\t<div class=\"elementor-element elementor-element-d607232 elementor-widget elementor-widget-image\" data-id=\"d607232\" data-element_type=\"widget\" data-e-type=\"widget\" data-widget_type=\"image.default\">\n\t\t\t\t<div class=\"elementor-widget-container\">\n\t\t\t\t\t\t\t\t\t\t\t\t\t\t\t<img decoding=\"async\" src=\"http:\/\/www.neuro-concept.ca\/wp-content\/uploads\/2019\/09\/osteopathie-readaptation-neurologique.jpg\" title=\"\" alt=\"\" loading=\"lazy\" \/>\t\t\t\t\t\t\t\t\t\t\t\t\t\t\t<\/div>\n\t\t\t\t<\/div>\n\t\t\t\t\t<\/div>\n\t\t<\/div>\n\t\t\t\t\t<\/div>\n\t\t<\/section>\n\t\t\t\t<section class=\"elementor-section elementor-top-section elementor-element elementor-element-fb3df48 elementor-section-boxed elementor-section-height-default elementor-section-height-default\" data-id=\"fb3df48\" data-element_type=\"section\" data-e-type=\"section\">\n\t\t\t\t\t\t<div class=\"elementor-container elementor-column-gap-default\">\n\t\t\t\t\t<div class=\"elementor-column elementor-col-100 elementor-top-column elementor-element elementor-element-3d3d768\" data-id=\"3d3d768\" data-element_type=\"column\" data-e-type=\"column\">\n\t\t\t<div class=\"elementor-widget-wrap elementor-element-populated\">\n\t\t\t\t\t\t<div class=\"elementor-element elementor-element-148d35a elementor-widget elementor-widget-text-editor\" data-id=\"148d35a\" data-element_type=\"widget\" data-e-type=\"widget\" data-widget_type=\"text-editor.default\">\n\t\t\t\t<div class=\"elementor-widget-container\">\n\t\t\t\t\t\t\t\t\t<p>L\u2019ost\u00e9opathie est une pratique douce qui s\u2019adresse \u00e0 toutes personnes en prises avec des malaises, douleurs ou inconforts. Du nourisson \u00e0 l\u2019adulte, passant par les sportifs ou les gens en prises avec des incapacit\u00e9s, l\u2019ost\u00e9opathie peut aussi bien aider le cycliste \u00e0 am\u00e9liorer ses performances qu\u2019aider une personne en prise avec une maladie d\u00e9g\u00e9n\u00e9rative ou une condition neurologique.<\/p><p>Afin d\u2019optimiser votre plan de traitement, en compl\u00e9ment \u00e0 d\u2019autres th\u00e9rapies, ou encore, pour vous permettre de traiter certains probl\u00e8mes de sant\u00e9 qui ne se corrigent pas malgr\u00e9 l\u2019intervention d\u2019autres professionnels de la sant\u00e9, faites appel \u00e0 notre ost\u00e9opathe<\/p>\t\t\t\t\t\t\t\t<\/div>\n\t\t\t\t<\/div>\n\t\t\t\t\t<\/div>\n\t\t<\/div>\n\t\t\t\t\t<\/div>\n\t\t<\/section>\n\t\t\t\t<section class=\"elementor-section elementor-top-section elementor-element elementor-element-4569e905 elementor-section-stretched elementor-section-boxed elementor-section-height-default elementor-section-height-default\" data-id=\"4569e905\" data-element_type=\"section\" data-e-type=\"section\" data-settings=\"{&quot;stretch_section&quot;:&quot;section-stretched&quot;,&quot;background_background&quot;:&quot;classic&quot;}\">\n\t\t\t\t\t\t<div class=\"elementor-container elementor-column-gap-default\">\n\t\t\t\t\t<div class=\"elementor-column elementor-col-100 elementor-top-column elementor-element elementor-element-353a6e30\" data-id=\"353a6e30\" data-element_type=\"column\" data-e-type=\"column\">\n\t\t\t<div class=\"elementor-widget-wrap elementor-element-populated\">\n\t\t\t\t\t\t<div class=\"elementor-element elementor-element-537d6ea8 elementor-widget elementor-widget-rt-title\" data-id=\"537d6ea8\" data-element_type=\"widget\" data-e-type=\"widget\" data-widget_type=\"rt-title.default\">\n\t\t\t\t<div class=\"elementor-widget-container\">\n\t\t\t\t\t\t\t<div class=\"rt-el-title section-heading heading-dark text-center heading-layout1 style1 theme5\">\t\t\n\t\t\t\t\t\t\t<p class=\"rtin-subtitle\">Notre \u00e9quipe de professionnels saura vous accompagner vers votre objectif<\/p>\n\t\t\t\n\t\t\t<h2 class=\"rtin-title\">Prenez un rendez-vous<\/h2>\n\t\t<\/div>\n\t\t\t\t<\/div>\n\t\t\t\t<\/div>\n\t\t\t\t<div class=\"elementor-element elementor-element-6e06b98f elementor-align-center elementor-widget elementor-widget-button\" data-id=\"6e06b98f\" data-element_type=\"widget\" data-e-type=\"widget\" data-widget_type=\"button.default\">\n\t\t\t\t<div class=\"elementor-widget-container\">\n\t\t\t\t\t\t\t\t\t<div class=\"elementor-button-wrapper\">\n\t\t\t\t\t<a class=\"elementor-button elementor-button-link elementor-size-sm\" href=\"https:\/\/secure.medexa.com\/#\/onlineAppointmentInformation?APIKey=9AA42B530BF74C1CABDDAAEF83B61AD0&#038;flowColor=228fa6&#038;backgroundColor=ffffff%20width=1000%20height=500%20frameborder=0\" target=\"_blank\" rel=\"nofollow\">\n\t\t\t\t\t\t<span class=\"elementor-button-content-wrapper\">\n\t\t\t\t\t\t\t\t\t<span class=\"elementor-button-text\">Se sentir mieux commence maintenant<\/span>\n\t\t\t\t\t<\/span>\n\t\t\t\t\t<\/a>\n\t\t\t\t<\/div>\n\t\t\t\t\t\t\t\t<\/div>\n\t\t\t\t<\/div>\n\t\t\t\t\t<\/div>\n\t\t<\/div>\n\t\t\t\t\t<\/div>\n\t\t<\/section>\n\t\t\t\t<\/div>\n\t\t","protected":false},"excerpt":{"rendered":"<p>Peu importe votre \u00e2ge, que vous soyez un jeune ou un ain\u00e9, que vous soyez en convalescence, en r\u00e9adaptation, une personne sportive ou non, les traitements d\u2019ost\u00e9opathie de qualit\u00e9 peuvent vous aider. Chez Neuro-Concept, vous b\u00e9n\u00e9ficiez d\u2019une \u00e9quipe de sant\u00e9 interdisciplinaire, qui collaborent pour atteindre vos objectifs et assurer une coh\u00e9rence \u00e0 votre programme, l\u2019ost\u00e9opathie&#8230;<\/p>\n","protected":false},"author":9,"featured_media":0,"parent":6085,"menu_order":0,"comment_status":"closed","ping_status":"closed","template":"","meta":{"_monsterinsights_skip_tracking":false,"_monsterinsights_sitenote_active":false,"_monsterinsights_sitenote_note":"","_monsterinsights_sitenote_category":0,"footnotes":""},"class_list":["post-7423","page","type-page","status-publish","hentry"],"yoast_head":"<!-- This site is optimized with the Yoast SEO plugin v27.4 - https:\/\/yoast.com\/product\/yoast-seo-wordpress\/ -->\n<title>Ost\u00e9opathie | Neuro-Concept r\u00e9adaptation neurologique<\/title>\n<meta name=\"description\" content=\"L&#039;ost\u00e9opathie est une approche globale permet le r\u00e9tablissement de la capacit\u00e9 de mouvement par des actes palpatoires pr\u00e9cis, tout en douceur.\" \/>\n<meta name=\"robots\" content=\"index, follow, max-snippet:-1, max-image-preview:large, max-video-preview:-1\" \/>\n<link rel=\"canonical\" href=\"https:\/\/www.neuro-concept.ca\/fr\/services-readaptation-neurologique\/osteopathie\/\" \/>\n<meta property=\"og:locale\" content=\"fr_FR\" \/>\n<meta property=\"og:type\" content=\"article\" \/>\n<meta property=\"og:title\" content=\"Ost\u00e9opathie | Neuro-Concept r\u00e9adaptation neurologique\" \/>\n<meta property=\"og:description\" content=\"L&#039;ost\u00e9opathie est une approche globale permet le r\u00e9tablissement de la capacit\u00e9 de mouvement par des actes palpatoires pr\u00e9cis, tout en douceur.\" \/>\n<meta property=\"og:url\" content=\"https:\/\/www.neuro-concept.ca\/fr\/services-readaptation-neurologique\/osteopathie\/\" \/>\n<meta property=\"og:site_name\" content=\"Neuro-Concept - Centre de r\u00e9adaptation neurologique\" \/>\n<meta property=\"article:publisher\" content=\"https:\/\/www.facebook.com\/neuroconcept\" \/>\n<meta property=\"article:modified_time\" content=\"2020-07-29T20:29:27+00:00\" \/>\n<meta property=\"og:image\" content=\"https:\/\/www.neuro-concept.ca\/wp-content\/uploads\/2019\/09\/osteopathie-readaptation-neurologique.jpg\" \/>\n<meta name=\"twitter:card\" content=\"summary_large_image\" \/>\n<meta name=\"twitter:site\" content=\"@NeuroConcept\" \/>\n<script type=\"application\/ld+json\" class=\"yoast-schema-graph\">{\"@context\":\"https:\\\/\\\/schema.org\",\"@graph\":[{\"@type\":\"WebPage\",\"@id\":\"https:\\\/\\\/www.neuro-concept.ca\\\/fr\\\/services-readaptation-neurologique\\\/osteopathie\\\/\",\"url\":\"https:\\\/\\\/www.neuro-concept.ca\\\/fr\\\/services-readaptation-neurologique\\\/osteopathie\\\/\",\"name\":\"Ost\u00e9opathie | Neuro-Concept r\u00e9adaptation neurologique\",\"isPartOf\":{\"@id\":\"https:\\\/\\\/www.neuro-concept.ca\\\/fr\\\/#website\"},\"primaryImageOfPage\":{\"@id\":\"https:\\\/\\\/www.neuro-concept.ca\\\/fr\\\/services-readaptation-neurologique\\\/osteopathie\\\/#primaryimage\"},\"image\":{\"@id\":\"https:\\\/\\\/www.neuro-concept.ca\\\/fr\\\/services-readaptation-neurologique\\\/osteopathie\\\/#primaryimage\"},\"thumbnailUrl\":\"https:\\\/\\\/www.neuro-concept.ca\\\/wp-content\\\/uploads\\\/2019\\\/09\\\/osteopathie-readaptation-neurologique.jpg\",\"datePublished\":\"2019-11-15T14:18:28+00:00\",\"dateModified\":\"2020-07-29T20:29:27+00:00\",\"description\":\"L'ost\u00e9opathie est une approche globale permet le r\u00e9tablissement de la capacit\u00e9 de mouvement par des actes palpatoires pr\u00e9cis, tout en douceur.\",\"breadcrumb\":{\"@id\":\"https:\\\/\\\/www.neuro-concept.ca\\\/fr\\\/services-readaptation-neurologique\\\/osteopathie\\\/#breadcrumb\"},\"inLanguage\":\"fr-ca\",\"potentialAction\":[{\"@type\":\"ReadAction\",\"target\":[\"https:\\\/\\\/www.neuro-concept.ca\\\/fr\\\/services-readaptation-neurologique\\\/osteopathie\\\/\"]}]},{\"@type\":\"ImageObject\",\"inLanguage\":\"fr-ca\",\"@id\":\"https:\\\/\\\/www.neuro-concept.ca\\\/fr\\\/services-readaptation-neurologique\\\/osteopathie\\\/#primaryimage\",\"url\":\"https:\\\/\\\/www.neuro-concept.ca\\\/wp-content\\\/uploads\\\/2019\\\/09\\\/osteopathie-readaptation-neurologique.jpg\",\"contentUrl\":\"https:\\\/\\\/www.neuro-concept.ca\\\/wp-content\\\/uploads\\\/2019\\\/09\\\/osteopathie-readaptation-neurologique.jpg\"},{\"@type\":\"BreadcrumbList\",\"@id\":\"https:\\\/\\\/www.neuro-concept.ca\\\/fr\\\/services-readaptation-neurologique\\\/osteopathie\\\/#breadcrumb\",\"itemListElement\":[{\"@type\":\"ListItem\",\"position\":1,\"name\":\"Home\",\"item\":\"https:\\\/\\\/www.neuro-concept.ca\\\/fr\\\/\"},{\"@type\":\"ListItem\",\"position\":2,\"name\":\"Services de r\u00e9adaptation neurologique\",\"item\":\"https:\\\/\\\/www.neuro-concept.ca\\\/fr\\\/services-readaptation-neurologique\\\/\"},{\"@type\":\"ListItem\",\"position\":3,\"name\":\"Ost\u00e9opathie\"}]},{\"@type\":\"WebSite\",\"@id\":\"https:\\\/\\\/www.neuro-concept.ca\\\/fr\\\/#website\",\"url\":\"https:\\\/\\\/www.neuro-concept.ca\\\/fr\\\/\",\"name\":\"Neuro-Concept - Centre de r\u00e9adaptation neurologique\",\"description\":\"La sant\u00e9 - \u00c0 la port\u00e9e de tous\",\"publisher\":{\"@id\":\"https:\\\/\\\/www.neuro-concept.ca\\\/fr\\\/#organization\"},\"potentialAction\":[{\"@type\":\"SearchAction\",\"target\":{\"@type\":\"EntryPoint\",\"urlTemplate\":\"https:\\\/\\\/www.neuro-concept.ca\\\/fr\\\/?s={search_term_string}\"},\"query-input\":{\"@type\":\"PropertyValueSpecification\",\"valueRequired\":true,\"valueName\":\"search_term_string\"}}],\"inLanguage\":\"fr-ca\"},{\"@type\":\"Organization\",\"@id\":\"https:\\\/\\\/www.neuro-concept.ca\\\/fr\\\/#organization\",\"name\":\"Neuro-Concept\",\"url\":\"https:\\\/\\\/www.neuro-concept.ca\\\/fr\\\/\",\"logo\":{\"@type\":\"ImageObject\",\"inLanguage\":\"fr-ca\",\"@id\":\"https:\\\/\\\/www.neuro-concept.ca\\\/fr\\\/#\\\/schema\\\/logo\\\/image\\\/\",\"url\":\"https:\\\/\\\/www.neuro-concept.ca\\\/wp-content\\\/uploads\\\/2019\\\/07\\\/favicon-1.png\",\"contentUrl\":\"https:\\\/\\\/www.neuro-concept.ca\\\/wp-content\\\/uploads\\\/2019\\\/07\\\/favicon-1.png\",\"width\":330,\"height\":330,\"caption\":\"Neuro-Concept\"},\"image\":{\"@id\":\"https:\\\/\\\/www.neuro-concept.ca\\\/fr\\\/#\\\/schema\\\/logo\\\/image\\\/\"},\"sameAs\":[\"https:\\\/\\\/www.facebook.com\\\/neuroconcept\",\"https:\\\/\\\/x.com\\\/NeuroConcept\",\"https:\\\/\\\/www.instagram.com\\\/neuroconcept.rehab\\\/\",\"https:\\\/\\\/twitter.com\\\/NeuroConcept\"]}]}<\/script>\n<!-- \/ Yoast SEO plugin. -->","yoast_head_json":{"title":"Ost\u00e9opathie | Neuro-Concept r\u00e9adaptation neurologique","description":"L'ost\u00e9opathie est une approche globale permet le r\u00e9tablissement de la capacit\u00e9 de mouvement par des actes palpatoires pr\u00e9cis, tout en douceur.","robots":{"index":"index","follow":"follow","max-snippet":"max-snippet:-1","max-image-preview":"max-image-preview:large","max-video-preview":"max-video-preview:-1"},"canonical":"https:\/\/www.neuro-concept.ca\/fr\/services-readaptation-neurologique\/osteopathie\/","og_locale":"fr_FR","og_type":"article","og_title":"Ost\u00e9opathie | Neuro-Concept r\u00e9adaptation neurologique","og_description":"L'ost\u00e9opathie est une approche globale permet le r\u00e9tablissement de la capacit\u00e9 de mouvement par des actes palpatoires pr\u00e9cis, tout en douceur.","og_url":"https:\/\/www.neuro-concept.ca\/fr\/services-readaptation-neurologique\/osteopathie\/","og_site_name":"Neuro-Concept - Centre de r\u00e9adaptation neurologique","article_publisher":"https:\/\/www.facebook.com\/neuroconcept","article_modified_time":"2020-07-29T20:29:27+00:00","og_image":[{"url":"https:\/\/www.neuro-concept.ca\/wp-content\/uploads\/2019\/09\/osteopathie-readaptation-neurologique.jpg","type":"","width":"","height":""}],"twitter_card":"summary_large_image","twitter_site":"@NeuroConcept","schema":{"@context":"https:\/\/schema.org","@graph":[{"@type":"WebPage","@id":"https:\/\/www.neuro-concept.ca\/fr\/services-readaptation-neurologique\/osteopathie\/","url":"https:\/\/www.neuro-concept.ca\/fr\/services-readaptation-neurologique\/osteopathie\/","name":"Ost\u00e9opathie | Neuro-Concept r\u00e9adaptation neurologique","isPartOf":{"@id":"https:\/\/www.neuro-concept.ca\/fr\/#website"},"primaryImageOfPage":{"@id":"https:\/\/www.neuro-concept.ca\/fr\/services-readaptation-neurologique\/osteopathie\/#primaryimage"},"image":{"@id":"https:\/\/www.neuro-concept.ca\/fr\/services-readaptation-neurologique\/osteopathie\/#primaryimage"},"thumbnailUrl":"https:\/\/www.neuro-concept.ca\/wp-content\/uploads\/2019\/09\/osteopathie-readaptation-neurologique.jpg","datePublished":"2019-11-15T14:18:28+00:00","dateModified":"2020-07-29T20:29:27+00:00","description":"L'ost\u00e9opathie est une approche globale permet le r\u00e9tablissement de la capacit\u00e9 de mouvement par des actes palpatoires pr\u00e9cis, tout en douceur.","breadcrumb":{"@id":"https:\/\/www.neuro-concept.ca\/fr\/services-readaptation-neurologique\/osteopathie\/#breadcrumb"},"inLanguage":"fr-ca","potentialAction":[{"@type":"ReadAction","target":["https:\/\/www.neuro-concept.ca\/fr\/services-readaptation-neurologique\/osteopathie\/"]}]},{"@type":"ImageObject","inLanguage":"fr-ca","@id":"https:\/\/www.neuro-concept.ca\/fr\/services-readaptation-neurologique\/osteopathie\/#primaryimage","url":"https:\/\/www.neuro-concept.ca\/wp-content\/uploads\/2019\/09\/osteopathie-readaptation-neurologique.jpg","contentUrl":"https:\/\/www.neuro-concept.ca\/wp-content\/uploads\/2019\/09\/osteopathie-readaptation-neurologique.jpg"},{"@type":"BreadcrumbList","@id":"https:\/\/www.neuro-concept.ca\/fr\/services-readaptation-neurologique\/osteopathie\/#breadcrumb","itemListElement":[{"@type":"ListItem","position":1,"name":"Home","item":"https:\/\/www.neuro-concept.ca\/fr\/"},{"@type":"ListItem","position":2,"name":"Services de r\u00e9adaptation neurologique","item":"https:\/\/www.neuro-concept.ca\/fr\/services-readaptation-neurologique\/"},{"@type":"ListItem","position":3,"name":"Ost\u00e9opathie"}]},{"@type":"WebSite","@id":"https:\/\/www.neuro-concept.ca\/fr\/#website","url":"https:\/\/www.neuro-concept.ca\/fr\/","name":"Neuro-Concept - Centre de r\u00e9adaptation neurologique","description":"La sant\u00e9 - \u00c0 la port\u00e9e de tous","publisher":{"@id":"https:\/\/www.neuro-concept.ca\/fr\/#organization"},"potentialAction":[{"@type":"SearchAction","target":{"@type":"EntryPoint","urlTemplate":"https:\/\/www.neuro-concept.ca\/fr\/?s={search_term_string}"},"query-input":{"@type":"PropertyValueSpecification","valueRequired":true,"valueName":"search_term_string"}}],"inLanguage":"fr-ca"},{"@type":"Organization","@id":"https:\/\/www.neuro-concept.ca\/fr\/#organization","name":"Neuro-Concept","url":"https:\/\/www.neuro-concept.ca\/fr\/","logo":{"@type":"ImageObject","inLanguage":"fr-ca","@id":"https:\/\/www.neuro-concept.ca\/fr\/#\/schema\/logo\/image\/","url":"https:\/\/www.neuro-concept.ca\/wp-content\/uploads\/2019\/07\/favicon-1.png","contentUrl":"https:\/\/www.neuro-concept.ca\/wp-content\/uploads\/2019\/07\/favicon-1.png","width":330,"height":330,"caption":"Neuro-Concept"},"image":{"@id":"https:\/\/www.neuro-concept.ca\/fr\/#\/schema\/logo\/image\/"},"sameAs":["https:\/\/www.facebook.com\/neuroconcept","https:\/\/x.com\/NeuroConcept","https:\/\/www.instagram.com\/neuroconcept.rehab\/","https:\/\/twitter.com\/NeuroConcept"]}]}},"_links":{"self":[{"href":"https:\/\/www.neuro-concept.ca\/fr\/wp-json\/wp\/v2\/pages\/7423","targetHints":{"allow":["GET"]}}],"collection":[{"href":"https:\/\/www.neuro-concept.ca\/fr\/wp-json\/wp\/v2\/pages"}],"about":[{"href":"https:\/\/www.neuro-concept.ca\/fr\/wp-json\/wp\/v2\/types\/page"}],"author":[{"embeddable":true,"href":"https:\/\/www.neuro-concept.ca\/fr\/wp-json\/wp\/v2\/users\/9"}],"replies":[{"embeddable":true,"href":"https:\/\/www.neuro-concept.ca\/fr\/wp-json\/wp\/v2\/comments?post=7423"}],"version-history":[{"count":6,"href":"https:\/\/www.neuro-concept.ca\/fr\/wp-json\/wp\/v2\/pages\/7423\/revisions"}],"predecessor-version":[{"id":9761,"href":"https:\/\/www.neuro-concept.ca\/fr\/wp-json\/wp\/v2\/pages\/7423\/revisions\/9761"}],"up":[{"embeddable":true,"href":"https:\/\/www.neuro-concept.ca\/fr\/wp-json\/wp\/v2\/pages\/6085"}],"wp:attachment":[{"href":"https:\/\/www.neuro-concept.ca\/fr\/wp-json\/wp\/v2\/media?parent=7423"}],"curies":[{"name":"wp","href":"https:\/\/api.w.org\/{rel}","templated":true}]}}