{"id":6960,"date":"2019-10-16T13:50:42","date_gmt":"2019-10-16T18:50:42","guid":{"rendered":"https:\/\/www.neuro-concept.ca\/?page_id=6960"},"modified":"2025-07-10T17:59:04","modified_gmt":"2025-07-10T21:59:04","slug":"katerina-pesigna","status":"publish","type":"page","link":"https:\/\/www.neuro-concept.ca\/fr\/nos-experts\/katerina-pesigna\/","title":{"rendered":"Katerina Pesigna"},"content":{"rendered":"\t\t<div data-elementor-type=\"wp-post\" data-elementor-id=\"6960\" class=\"elementor elementor-6960 elementor-8490\">\n\t\t\t\t\t\t<section class=\"elementor-section elementor-top-section elementor-element elementor-element-a51681e single-equipe elementor-section-boxed elementor-section-height-default elementor-section-height-default\" data-id=\"a51681e\" data-element_type=\"section\" data-e-type=\"section\">\n\t\t\t\t\t\t<div class=\"elementor-container elementor-column-gap-default\">\n\t\t\t\t\t<div class=\"elementor-column elementor-col-33 elementor-top-column elementor-element elementor-element-5fc4495\" data-id=\"5fc4495\" data-element_type=\"column\" data-e-type=\"column\">\n\t\t\t<div class=\"elementor-widget-wrap elementor-element-populated\">\n\t\t\t\t\t\t<div class=\"elementor-element elementor-element-d67e52f elementor-widget elementor-widget-image\" data-id=\"d67e52f\" data-element_type=\"widget\" data-e-type=\"widget\" data-widget_type=\"image.default\">\n\t\t\t\t<div class=\"elementor-widget-container\">\n\t\t\t\t\t\t\t\t\t\t\t\t\t\t\t<img fetchpriority=\"high\" decoding=\"async\" width=\"691\" height=\"1024\" src=\"https:\/\/www.neuro-concept.ca\/wp-content\/uploads\/2024\/03\/20240208_160754255_iOS-691x1024.jpg\" class=\"attachment-large size-large wp-image-11497\" alt=\"\" srcset=\"https:\/\/www.neuro-concept.ca\/wp-content\/uploads\/2024\/03\/20240208_160754255_iOS-691x1024.jpg 691w, https:\/\/www.neuro-concept.ca\/wp-content\/uploads\/2024\/03\/20240208_160754255_iOS-203x300.jpg 203w, https:\/\/www.neuro-concept.ca\/wp-content\/uploads\/2024\/03\/20240208_160754255_iOS.jpg 740w\" sizes=\"(max-width: 691px) 100vw, 691px\" \/>\t\t\t\t\t\t\t\t\t\t\t\t\t\t\t<\/div>\n\t\t\t\t<\/div>\n\t\t\t\t<div class=\"elementor-element elementor-element-cb8dcc2 elementor-widget elementor-widget-rt-title\" data-id=\"cb8dcc2\" data-element_type=\"widget\" data-e-type=\"widget\" data-widget_type=\"rt-title.default\">\n\t\t\t\t<div class=\"elementor-widget-container\">\n\t\t\t\t\t<div class=\"section-heading heading-dark text-left heading-layout1\">\n        <h2 class=\"rtin-title\">Katerina Pesigna<\/h2>\n        \t\t\t<p class=\"rtin-subtitle\">Orthophoniste<\/p> \n         <\/div>\t\t\t\t<\/div>\n\t\t\t\t<\/div>\n\t\t\t\t\t<\/div>\n\t\t<\/div>\n\t\t\t\t<div class=\"elementor-column elementor-col-66 elementor-top-column elementor-element elementor-element-0bb1ea4\" data-id=\"0bb1ea4\" data-element_type=\"column\" data-e-type=\"column\">\n\t\t\t<div class=\"elementor-widget-wrap elementor-element-populated\">\n\t\t\t\t\t\t<div class=\"elementor-element elementor-element-30e0628 elementor-widget elementor-widget-text-editor\" data-id=\"30e0628\" data-element_type=\"widget\" data-e-type=\"widget\" data-widget_type=\"text-editor.default\">\n\t\t\t\t<div class=\"elementor-widget-container\">\n\t\t\t\t\t\t\t\t\t<p data-start=\"248\" data-end=\"322\"><strong data-start=\"248\" data-end=\"322\">Membre de l\u2019Ordre des orthophonistes et audiologistes du Qu\u00e9bec (OOAQ)<\/strong><\/p><p data-start=\"324\" data-end=\"687\">Katerina est une orthophoniste passionn\u00e9e, dipl\u00f4m\u00e9e de l\u2019Universit\u00e9 McGill, o\u00f9 elle a compl\u00e9t\u00e9 une ma\u00eetrise en orthophonie avec un int\u00e9r\u00eat particulier pour les <strong data-start=\"484\" data-end=\"537\">troubles neurologiques de la parole et du langage<\/strong>. Membre de l\u2019<strong data-start=\"551\" data-end=\"613\">Ordre des orthophonistes et audiologistes du Qu\u00e9bec (OOAQ)<\/strong>, elle poss\u00e8de une riche exp\u00e9rience clinique aupr\u00e8s de client\u00e8les vari\u00e9es.<\/p><p data-start=\"689\" data-end=\"1286\">Au cours de sa formation, elle a travaill\u00e9 tant aupr\u00e8s <strong data-start=\"744\" data-end=\"757\">d\u2019enfants<\/strong> (en milieux scolaires et cliniques priv\u00e9es) que d\u2019<strong data-start=\"808\" data-end=\"832\">adultes hospitalis\u00e9s<\/strong>, ce qui lui a permis de d\u00e9velopper une approche adapt\u00e9e \u00e0 chaque \u00e9tape de la vie. Elle a \u00e9galement exerc\u00e9 pendant plusieurs ann\u00e9es \u00e0 l\u2019<strong data-start=\"968\" data-end=\"1005\">Institut neurologique de Montr\u00e9al<\/strong>, o\u00f9 elle a approfondi son expertise aupr\u00e8s de patients ayant subi un <strong data-start=\"1075\" data-end=\"1082\">AVC<\/strong>, atteint de <strong data-start=\"1095\" data-end=\"1117\">tumeurs c\u00e9r\u00e9brales<\/strong>, ou vivant avec des <strong data-start=\"1138\" data-end=\"1174\">troubles neurologiques complexes<\/strong> tels que la <strong data-start=\"1187\" data-end=\"1194\">SLA<\/strong>, la <strong data-start=\"1199\" data-end=\"1219\">myasth\u00e9nie grave<\/strong>, la <strong data-start=\"1224\" data-end=\"1248\">maladie de Parkinson<\/strong> ou le <strong data-start=\"1255\" data-end=\"1285\">syndrome de Guillain-Barr\u00e9<\/strong>.<\/p><p data-start=\"1288\" data-end=\"1595\">Katerina s&#8217;int\u00e9resse particuli\u00e8rement aux <strong data-start=\"1330\" data-end=\"1382\">troubles fonctionnels de la parole et du langage<\/strong>, qui exigent une approche th\u00e9rapeutique nuanc\u00e9e et individualis\u00e9e. Elle est reconnue pour sa capacit\u00e9 \u00e0 adapter ses interventions avec sensibilit\u00e9 et rigueur, tout en cr\u00e9ant un lien humain fort avec ses patients.<\/p><p data-start=\"1597\" data-end=\"2001\">Elle travaille aupr\u00e8s <strong data-start=\"1619\" data-end=\"1645\">d\u2019enfants et d\u2019adultes<\/strong> pr\u00e9sentant des difficult\u00e9s li\u00e9es \u00e0 la <strong data-start=\"1684\" data-end=\"1787\">parole, la fluidit\u00e9 (b\u00e9gaiement), la d\u00e9glutition, le langage, la voix ou la communication cognitive<\/strong>. Son objectif est d\u2019offrir un accompagnement bienveillant et personnalis\u00e9, favorisant non seulement l\u2019atteinte des objectifs fonctionnels, mais aussi une meilleure <strong data-start=\"1952\" data-end=\"2000\">connexion humaine \u00e0 travers la communication<\/strong>.<\/p><p data-start=\"2003\" data-end=\"2028\"><strong data-start=\"2007\" data-end=\"2026\">Langues parl\u00e9es: <\/strong>Fran\u00e7ais, anglais, italien, espagnol (d\u00e9butant)<\/p><p data-start=\"2078\" data-end=\"2174\">Katerina a h\u00e2te de vous rencontrer et de cheminer avec vous vers vos objectifs de communication.<\/p>\t\t\t\t\t\t\t\t<\/div>\n\t\t\t\t<\/div>\n\t\t\t\t\t<\/div>\n\t\t<\/div>\n\t\t\t\t\t<\/div>\n\t\t<\/section>\n\t\t\t\t<\/div>\n\t\t","protected":false},"excerpt":{"rendered":"<p>Katerina Pesigna Orthophoniste Membre de l\u2019Ordre des orthophonistes et audiologistes du Qu\u00e9bec (OOAQ) Katerina est une orthophoniste passionn\u00e9e, dipl\u00f4m\u00e9e de l\u2019Universit\u00e9 McGill, o\u00f9 elle a compl\u00e9t\u00e9 une ma\u00eetrise en orthophonie avec un int\u00e9r\u00eat particulier pour les troubles neurologiques de la parole et du langage. Membre de l\u2019Ordre des orthophonistes et audiologistes du Qu\u00e9bec (OOAQ), elle&#8230;<\/p>\n","protected":false},"author":9,"featured_media":11520,"parent":1128,"menu_order":0,"comment_status":"closed","ping_status":"closed","template":"","meta":{"_monsterinsights_skip_tracking":false,"_monsterinsights_sitenote_active":false,"_monsterinsights_sitenote_note":"","_monsterinsights_sitenote_category":0,"footnotes":""},"class_list":["post-6960","page","type-page","status-publish","has-post-thumbnail","hentry"],"yoast_head":"<!-- This site is optimized with the Yoast SEO plugin v27.4 - https:\/\/yoast.com\/product\/yoast-seo-wordpress\/ -->\n<title>Katerina Pesigna | Orthophoniste sp\u00e9cialis\u00e9e en troubles neurologiques<\/title>\n<meta name=\"description\" content=\"Orthophoniste dipl\u00f4m\u00e9e de McGill, Katerina est sp\u00e9cialis\u00e9e en troubles neurologiques, fonctionnels, de la parole, du langage, et de la communication.\" \/>\n<meta name=\"robots\" content=\"index, follow, max-snippet:-1, max-image-preview:large, max-video-preview:-1\" \/>\n<link rel=\"canonical\" href=\"https:\/\/www.neuro-concept.ca\/fr\/nos-experts\/katerina-pesigna\/\" \/>\n<meta property=\"og:locale\" content=\"fr_FR\" \/>\n<meta property=\"og:type\" content=\"article\" \/>\n<meta property=\"og:title\" content=\"Katerina Pesigna | Orthophoniste sp\u00e9cialis\u00e9e en troubles neurologiques\" \/>\n<meta property=\"og:description\" content=\"Orthophoniste dipl\u00f4m\u00e9e de McGill, Katerina est sp\u00e9cialis\u00e9e en troubles neurologiques, fonctionnels, de la parole, du langage, et de la communication.\" \/>\n<meta property=\"og:url\" content=\"https:\/\/www.neuro-concept.ca\/fr\/nos-experts\/katerina-pesigna\/\" \/>\n<meta property=\"og:site_name\" content=\"Neuro-Concept - Centre de r\u00e9adaptation neurologique\" \/>\n<meta property=\"article:publisher\" content=\"https:\/\/www.facebook.com\/neuroconcept\" \/>\n<meta property=\"article:modified_time\" content=\"2025-07-10T21:59:04+00:00\" \/>\n<meta property=\"og:image\" content=\"https:\/\/www.neuro-concept.ca\/wp-content\/uploads\/2024\/03\/20240208_160754255_iOS-1.jpg\" \/>\n\t<meta property=\"og:image:width\" content=\"1200\" \/>\n\t<meta property=\"og:image:height\" content=\"1600\" \/>\n\t<meta property=\"og:image:type\" content=\"image\/jpeg\" \/>\n<meta name=\"twitter:card\" content=\"summary_large_image\" \/>\n<meta name=\"twitter:site\" content=\"@NeuroConcept\" \/>\n<script type=\"application\/ld+json\" class=\"yoast-schema-graph\">{\"@context\":\"https:\\\/\\\/schema.org\",\"@graph\":[{\"@type\":\"WebPage\",\"@id\":\"https:\\\/\\\/www.neuro-concept.ca\\\/fr\\\/nos-experts\\\/katerina-pesigna\\\/\",\"url\":\"https:\\\/\\\/www.neuro-concept.ca\\\/fr\\\/nos-experts\\\/katerina-pesigna\\\/\",\"name\":\"Katerina Pesigna | Orthophoniste sp\u00e9cialis\u00e9e en troubles neurologiques\",\"isPartOf\":{\"@id\":\"https:\\\/\\\/www.neuro-concept.ca\\\/fr\\\/#website\"},\"primaryImageOfPage\":{\"@id\":\"https:\\\/\\\/www.neuro-concept.ca\\\/fr\\\/nos-experts\\\/katerina-pesigna\\\/#primaryimage\"},\"image\":{\"@id\":\"https:\\\/\\\/www.neuro-concept.ca\\\/fr\\\/nos-experts\\\/katerina-pesigna\\\/#primaryimage\"},\"thumbnailUrl\":\"https:\\\/\\\/www.neuro-concept.ca\\\/wp-content\\\/uploads\\\/2024\\\/03\\\/20240208_160754255_iOS-1.jpg\",\"datePublished\":\"2019-10-16T18:50:42+00:00\",\"dateModified\":\"2025-07-10T21:59:04+00:00\",\"description\":\"Orthophoniste dipl\u00f4m\u00e9e de McGill, Katerina est sp\u00e9cialis\u00e9e en troubles neurologiques, fonctionnels, de la parole, du langage, et de la communication.\",\"breadcrumb\":{\"@id\":\"https:\\\/\\\/www.neuro-concept.ca\\\/fr\\\/nos-experts\\\/katerina-pesigna\\\/#breadcrumb\"},\"inLanguage\":\"fr-ca\",\"potentialAction\":[{\"@type\":\"ReadAction\",\"target\":[\"https:\\\/\\\/www.neuro-concept.ca\\\/fr\\\/nos-experts\\\/katerina-pesigna\\\/\"]}]},{\"@type\":\"ImageObject\",\"inLanguage\":\"fr-ca\",\"@id\":\"https:\\\/\\\/www.neuro-concept.ca\\\/fr\\\/nos-experts\\\/katerina-pesigna\\\/#primaryimage\",\"url\":\"https:\\\/\\\/www.neuro-concept.ca\\\/wp-content\\\/uploads\\\/2024\\\/03\\\/20240208_160754255_iOS-1.jpg\",\"contentUrl\":\"https:\\\/\\\/www.neuro-concept.ca\\\/wp-content\\\/uploads\\\/2024\\\/03\\\/20240208_160754255_iOS-1.jpg\",\"width\":1200,\"height\":1600,\"caption\":\"Katerin-pesigna-speech-therapist\"},{\"@type\":\"BreadcrumbList\",\"@id\":\"https:\\\/\\\/www.neuro-concept.ca\\\/fr\\\/nos-experts\\\/katerina-pesigna\\\/#breadcrumb\",\"itemListElement\":[{\"@type\":\"ListItem\",\"position\":1,\"name\":\"Home\",\"item\":\"https:\\\/\\\/www.neuro-concept.ca\\\/fr\\\/\"},{\"@type\":\"ListItem\",\"position\":2,\"name\":\"Nos experts en r\u00e9adaptation\",\"item\":\"https:\\\/\\\/www.neuro-concept.ca\\\/fr\\\/nos-experts\\\/\"},{\"@type\":\"ListItem\",\"position\":3,\"name\":\"Katerina Pesigna\"}]},{\"@type\":\"WebSite\",\"@id\":\"https:\\\/\\\/www.neuro-concept.ca\\\/fr\\\/#website\",\"url\":\"https:\\\/\\\/www.neuro-concept.ca\\\/fr\\\/\",\"name\":\"Neuro-Concept - Centre de r\u00e9adaptation neurologique\",\"description\":\"La sant\u00e9 - \u00c0 la port\u00e9e de tous\",\"publisher\":{\"@id\":\"https:\\\/\\\/www.neuro-concept.ca\\\/fr\\\/#organization\"},\"potentialAction\":[{\"@type\":\"SearchAction\",\"target\":{\"@type\":\"EntryPoint\",\"urlTemplate\":\"https:\\\/\\\/www.neuro-concept.ca\\\/fr\\\/?s={search_term_string}\"},\"query-input\":{\"@type\":\"PropertyValueSpecification\",\"valueRequired\":true,\"valueName\":\"search_term_string\"}}],\"inLanguage\":\"fr-ca\"},{\"@type\":\"Organization\",\"@id\":\"https:\\\/\\\/www.neuro-concept.ca\\\/fr\\\/#organization\",\"name\":\"Neuro-Concept\",\"url\":\"https:\\\/\\\/www.neuro-concept.ca\\\/fr\\\/\",\"logo\":{\"@type\":\"ImageObject\",\"inLanguage\":\"fr-ca\",\"@id\":\"https:\\\/\\\/www.neuro-concept.ca\\\/fr\\\/#\\\/schema\\\/logo\\\/image\\\/\",\"url\":\"https:\\\/\\\/www.neuro-concept.ca\\\/wp-content\\\/uploads\\\/2019\\\/07\\\/favicon-1.png\",\"contentUrl\":\"https:\\\/\\\/www.neuro-concept.ca\\\/wp-content\\\/uploads\\\/2019\\\/07\\\/favicon-1.png\",\"width\":330,\"height\":330,\"caption\":\"Neuro-Concept\"},\"image\":{\"@id\":\"https:\\\/\\\/www.neuro-concept.ca\\\/fr\\\/#\\\/schema\\\/logo\\\/image\\\/\"},\"sameAs\":[\"https:\\\/\\\/www.facebook.com\\\/neuroconcept\",\"https:\\\/\\\/x.com\\\/NeuroConcept\",\"https:\\\/\\\/www.instagram.com\\\/neuroconcept.rehab\\\/\",\"https:\\\/\\\/twitter.com\\\/NeuroConcept\"]}]}<\/script>\n<!-- \/ Yoast SEO plugin. -->","yoast_head_json":{"title":"Katerina Pesigna | Orthophoniste sp\u00e9cialis\u00e9e en troubles neurologiques","description":"Orthophoniste dipl\u00f4m\u00e9e de McGill, Katerina est sp\u00e9cialis\u00e9e en troubles neurologiques, fonctionnels, de la parole, du langage, et de la communication.","robots":{"index":"index","follow":"follow","max-snippet":"max-snippet:-1","max-image-preview":"max-image-preview:large","max-video-preview":"max-video-preview:-1"},"canonical":"https:\/\/www.neuro-concept.ca\/fr\/nos-experts\/katerina-pesigna\/","og_locale":"fr_FR","og_type":"article","og_title":"Katerina Pesigna | Orthophoniste sp\u00e9cialis\u00e9e en troubles neurologiques","og_description":"Orthophoniste dipl\u00f4m\u00e9e de McGill, Katerina est sp\u00e9cialis\u00e9e en troubles neurologiques, fonctionnels, de la parole, du langage, et de la communication.","og_url":"https:\/\/www.neuro-concept.ca\/fr\/nos-experts\/katerina-pesigna\/","og_site_name":"Neuro-Concept - Centre de r\u00e9adaptation neurologique","article_publisher":"https:\/\/www.facebook.com\/neuroconcept","article_modified_time":"2025-07-10T21:59:04+00:00","og_image":[{"width":1200,"height":1600,"url":"https:\/\/www.neuro-concept.ca\/wp-content\/uploads\/2024\/03\/20240208_160754255_iOS-1.jpg","type":"image\/jpeg"}],"twitter_card":"summary_large_image","twitter_site":"@NeuroConcept","schema":{"@context":"https:\/\/schema.org","@graph":[{"@type":"WebPage","@id":"https:\/\/www.neuro-concept.ca\/fr\/nos-experts\/katerina-pesigna\/","url":"https:\/\/www.neuro-concept.ca\/fr\/nos-experts\/katerina-pesigna\/","name":"Katerina Pesigna | Orthophoniste sp\u00e9cialis\u00e9e en troubles neurologiques","isPartOf":{"@id":"https:\/\/www.neuro-concept.ca\/fr\/#website"},"primaryImageOfPage":{"@id":"https:\/\/www.neuro-concept.ca\/fr\/nos-experts\/katerina-pesigna\/#primaryimage"},"image":{"@id":"https:\/\/www.neuro-concept.ca\/fr\/nos-experts\/katerina-pesigna\/#primaryimage"},"thumbnailUrl":"https:\/\/www.neuro-concept.ca\/wp-content\/uploads\/2024\/03\/20240208_160754255_iOS-1.jpg","datePublished":"2019-10-16T18:50:42+00:00","dateModified":"2025-07-10T21:59:04+00:00","description":"Orthophoniste dipl\u00f4m\u00e9e de McGill, Katerina est sp\u00e9cialis\u00e9e en troubles neurologiques, fonctionnels, de la parole, du langage, et de la communication.","breadcrumb":{"@id":"https:\/\/www.neuro-concept.ca\/fr\/nos-experts\/katerina-pesigna\/#breadcrumb"},"inLanguage":"fr-ca","potentialAction":[{"@type":"ReadAction","target":["https:\/\/www.neuro-concept.ca\/fr\/nos-experts\/katerina-pesigna\/"]}]},{"@type":"ImageObject","inLanguage":"fr-ca","@id":"https:\/\/www.neuro-concept.ca\/fr\/nos-experts\/katerina-pesigna\/#primaryimage","url":"https:\/\/www.neuro-concept.ca\/wp-content\/uploads\/2024\/03\/20240208_160754255_iOS-1.jpg","contentUrl":"https:\/\/www.neuro-concept.ca\/wp-content\/uploads\/2024\/03\/20240208_160754255_iOS-1.jpg","width":1200,"height":1600,"caption":"Katerin-pesigna-speech-therapist"},{"@type":"BreadcrumbList","@id":"https:\/\/www.neuro-concept.ca\/fr\/nos-experts\/katerina-pesigna\/#breadcrumb","itemListElement":[{"@type":"ListItem","position":1,"name":"Home","item":"https:\/\/www.neuro-concept.ca\/fr\/"},{"@type":"ListItem","position":2,"name":"Nos experts en r\u00e9adaptation","item":"https:\/\/www.neuro-concept.ca\/fr\/nos-experts\/"},{"@type":"ListItem","position":3,"name":"Katerina Pesigna"}]},{"@type":"WebSite","@id":"https:\/\/www.neuro-concept.ca\/fr\/#website","url":"https:\/\/www.neuro-concept.ca\/fr\/","name":"Neuro-Concept - Centre de r\u00e9adaptation neurologique","description":"La sant\u00e9 - \u00c0 la port\u00e9e de tous","publisher":{"@id":"https:\/\/www.neuro-concept.ca\/fr\/#organization"},"potentialAction":[{"@type":"SearchAction","target":{"@type":"EntryPoint","urlTemplate":"https:\/\/www.neuro-concept.ca\/fr\/?s={search_term_string}"},"query-input":{"@type":"PropertyValueSpecification","valueRequired":true,"valueName":"search_term_string"}}],"inLanguage":"fr-ca"},{"@type":"Organization","@id":"https:\/\/www.neuro-concept.ca\/fr\/#organization","name":"Neuro-Concept","url":"https:\/\/www.neuro-concept.ca\/fr\/","logo":{"@type":"ImageObject","inLanguage":"fr-ca","@id":"https:\/\/www.neuro-concept.ca\/fr\/#\/schema\/logo\/image\/","url":"https:\/\/www.neuro-concept.ca\/wp-content\/uploads\/2019\/07\/favicon-1.png","contentUrl":"https:\/\/www.neuro-concept.ca\/wp-content\/uploads\/2019\/07\/favicon-1.png","width":330,"height":330,"caption":"Neuro-Concept"},"image":{"@id":"https:\/\/www.neuro-concept.ca\/fr\/#\/schema\/logo\/image\/"},"sameAs":["https:\/\/www.facebook.com\/neuroconcept","https:\/\/x.com\/NeuroConcept","https:\/\/www.instagram.com\/neuroconcept.rehab\/","https:\/\/twitter.com\/NeuroConcept"]}]}},"_links":{"self":[{"href":"https:\/\/www.neuro-concept.ca\/fr\/wp-json\/wp\/v2\/pages\/6960","targetHints":{"allow":["GET"]}}],"collection":[{"href":"https:\/\/www.neuro-concept.ca\/fr\/wp-json\/wp\/v2\/pages"}],"about":[{"href":"https:\/\/www.neuro-concept.ca\/fr\/wp-json\/wp\/v2\/types\/page"}],"author":[{"embeddable":true,"href":"https:\/\/www.neuro-concept.ca\/fr\/wp-json\/wp\/v2\/users\/9"}],"replies":[{"embeddable":true,"href":"https:\/\/www.neuro-concept.ca\/fr\/wp-json\/wp\/v2\/comments?post=6960"}],"version-history":[{"count":46,"href":"https:\/\/www.neuro-concept.ca\/fr\/wp-json\/wp\/v2\/pages\/6960\/revisions"}],"predecessor-version":[{"id":14013,"href":"https:\/\/www.neuro-concept.ca\/fr\/wp-json\/wp\/v2\/pages\/6960\/revisions\/14013"}],"up":[{"embeddable":true,"href":"https:\/\/www.neuro-concept.ca\/fr\/wp-json\/wp\/v2\/pages\/1128"}],"wp:featuredmedia":[{"embeddable":true,"href":"https:\/\/www.neuro-concept.ca\/fr\/wp-json\/wp\/v2\/media\/11520"}],"wp:attachment":[{"href":"https:\/\/www.neuro-concept.ca\/fr\/wp-json\/wp\/v2\/media?parent=6960"}],"curies":[{"name":"wp","href":"https:\/\/api.w.org\/{rel}","templated":true}]}}