{"id":11827,"date":"2024-12-16T08:57:43","date_gmt":"2024-12-16T13:57:43","guid":{"rendered":"https:\/\/www.neuro-concept.ca\/?page_id=11827"},"modified":"2026-02-12T16:47:31","modified_gmt":"2026-02-12T21:47:31","slug":"dre-murielle-grangeon-phd-kin","status":"publish","type":"page","link":"https:\/\/www.neuro-concept.ca\/fr\/nos-experts\/dre-murielle-grangeon-phd-kin\/","title":{"rendered":"Dre Murielle Grangeon, PhD, Kin, Admin.A."},"content":{"rendered":"\t\t<div data-elementor-type=\"wp-page\" data-elementor-id=\"11827\" class=\"elementor elementor-11827\">\n\t\t\t\t\t\t<section class=\"elementor-section elementor-top-section elementor-element elementor-element-0c969b9 elementor-section-boxed elementor-section-height-default elementor-section-height-default\" data-id=\"0c969b9\" data-element_type=\"section\" data-e-type=\"section\">\n\t\t\t\t\t\t<div class=\"elementor-container elementor-column-gap-default\">\n\t\t\t\t\t<div class=\"elementor-column elementor-col-33 elementor-top-column elementor-element elementor-element-42f9a83\" data-id=\"42f9a83\" data-element_type=\"column\" data-e-type=\"column\">\n\t\t\t<div class=\"elementor-widget-wrap elementor-element-populated\">\n\t\t\t\t\t\t<div class=\"elementor-element elementor-element-7a139a2 elementor-widget elementor-widget-image\" data-id=\"7a139a2\" data-element_type=\"widget\" data-e-type=\"widget\" data-widget_type=\"image.default\">\n\t\t\t\t<div class=\"elementor-widget-container\">\n\t\t\t\t\t\t\t\t\t\t\t\t\t\t\t<img fetchpriority=\"high\" decoding=\"async\" width=\"370\" height=\"548\" src=\"https:\/\/www.neuro-concept.ca\/wp-content\/uploads\/2021\/11\/1R4A8837@2x.jpg\" class=\"attachment-large size-large wp-image-10520\" alt=\"Dre Murielle Grangeon, PhD, kin\" srcset=\"https:\/\/www.neuro-concept.ca\/wp-content\/uploads\/2021\/11\/1R4A8837@2x.jpg 370w, https:\/\/www.neuro-concept.ca\/wp-content\/uploads\/2021\/11\/1R4A8837@2x-203x300.jpg 203w\" sizes=\"(max-width: 370px) 100vw, 370px\" \/>\t\t\t\t\t\t\t\t\t\t\t\t\t\t\t<\/div>\n\t\t\t\t<\/div>\n\t\t\t\t<div class=\"elementor-element elementor-element-f1f050d elementor-widget elementor-widget-rt-title\" data-id=\"f1f050d\" data-element_type=\"widget\" data-e-type=\"widget\" data-widget_type=\"rt-title.default\">\n\t\t\t\t<div class=\"elementor-widget-container\">\n\t\t\t\t\t<div class=\"section-heading heading-dark text-left heading-layout1\">\n        <h2 class=\"rtin-title\">Dre Murielle Grangeon, PhD, Kin, Admin. A.<\/h2>\n        \t\t\t<p class=\"rtin-subtitle\">Kin\u00e9siologue et administratrice agr\u00e9e<\/p> \n         <\/div>\t\t\t\t<\/div>\n\t\t\t\t<\/div>\n\t\t\t\t\t<\/div>\n\t\t<\/div>\n\t\t\t\t<div class=\"elementor-column elementor-col-66 elementor-top-column elementor-element elementor-element-649b46c\" data-id=\"649b46c\" data-element_type=\"column\" data-e-type=\"column\">\n\t\t\t<div class=\"elementor-widget-wrap elementor-element-populated\">\n\t\t\t\t\t\t<div class=\"elementor-element elementor-element-737b9f5 elementor-widget elementor-widget-text-editor\" data-id=\"737b9f5\" data-element_type=\"widget\" data-e-type=\"widget\" data-widget_type=\"text-editor.default\">\n\t\t\t\t<div class=\"elementor-widget-container\">\n\t\t\t\t\t\t\t\t\t<p data-start=\"227\" data-end=\"351\"><strong data-start=\"227\" data-end=\"280\">Fondatrice et directrice g\u00e9n\u00e9rale \u2013 Neuro-Concept<\/strong><br data-start=\"280\" data-end=\"283\" \/><strong data-start=\"283\" data-end=\"351\">Fondatrice de NeuroTeQ \u2013 Recherche et innovation en r\u00e9adaptation<\/strong><\/p><p data-start=\"353\" data-end=\"713\">Dre Murielle Grangeon est une experte reconnue en r\u00e9adaptation neurologique et en sciences de l\u2019activit\u00e9 physique avec une majeure en neurosciences. Kin\u00e9siologue, elle d\u00e9tient un <strong data-start=\"511\" data-end=\"558\">doctorat en sciences de l\u2019activit\u00e9 physique<\/strong> et un <strong data-start=\"565\" data-end=\"612\">postdoctorat en sciences de la r\u00e9adaptation<\/strong>, avec une sp\u00e9cialisation en <strong data-start=\"641\" data-end=\"712\">neuroplasticit\u00e9, contr\u00f4le moteur et entra\u00eenement fonctionnel adapt\u00e9<\/strong>.<\/p><p data-start=\"715\" data-end=\"1018\">Avec <strong data-start=\"720\" data-end=\"754\">plus de 20 ann\u00e9es d\u2019exp\u00e9rience<\/strong> en clinique, en recherche et en enseignement, elle a b\u00e2ti une solide expertise dans la prise en charge des personnes vivant avec des atteintes neurologiques telles que les AVC, les l\u00e9sions m\u00e9dullaires, les traumatismes cr\u00e2niens et les maladies neurod\u00e9g\u00e9n\u00e9ratives.<\/p><p data-start=\"1020\" data-end=\"1523\">Visionnaire, elle a fond\u00e9 <strong data-start=\"1046\" data-end=\"1063\">Neuro-Concept<\/strong>, un centre de r\u00e9adaptation interdisciplinaire qui int\u00e8gre <strong data-start=\"1122\" data-end=\"1210\">robotique, technologies interactives, r\u00e9alit\u00e9 virtuelle, t\u00e9l\u00e9r\u00e9adaptation et activit\u00e9 physique adapt\u00e9e<\/strong> dans une approche centr\u00e9e sur le patient. Dre Grangeon a \u00e9galement cr\u00e9\u00e9 <strong data-start=\"1283\" data-end=\"1295\">NeuroTeQ<\/strong>, le d\u00e9partement de recherche de Neuro-Concept, afin de favoriser l&#8217;<strong data-start=\"1363\" data-end=\"1386\">innovation clinique<\/strong>, la <strong data-start=\"1391\" data-end=\"1418\">validation scientifique<\/strong> des pratiques, et le <strong data-start=\"1440\" data-end=\"1522\">co-d\u00e9veloppement des technologies avec des partenaires industriels et universitaires<\/strong>.<\/p><p data-start=\"1525\" data-end=\"1909\">\u00c0 travers NeuroTeQ, elle pilote des projets de recherche appliqu\u00e9e portant sur l\u2019efficacit\u00e9 des technologies en r\u00e9adaptation, les m\u00e9canismes de la plasticit\u00e9 c\u00e9r\u00e9brale, et les meilleures pratiques d\u2019intervention en contexte r\u00e9el. Elle agit aussi comme <strong data-start=\"1777\" data-end=\"1834\">conf\u00e9renci\u00e8re, superviseure acad\u00e9mique et consultante<\/strong> dans le domaine de la r\u00e9adaptation neurologique et l&#8217;int\u00e9gration des technologies em milieu clinique.<\/p><p data-start=\"1911\" data-end=\"2255\">Reconnue pour son leadership, son approche humaine et son engagement envers l\u2019innovation, Dre Grangeon s\u2019illustre comme une figure influente du milieu de la r\u00e9adaptation au Qu\u00e9bec et \u00e0 l&#8217;international. Plusieurs prix et distinctions soulignent son <strong data-start=\"2138\" data-end=\"2254\">impact dans la communaut\u00e9, son excellence clinique et sa contribution \u00e0 l&#8217;avancement des connaissances en r\u00e9adaptation neurologique.<\/strong><\/p>\t\t\t\t\t\t\t\t<\/div>\n\t\t\t\t<\/div>\n\t\t\t\t\t<\/div>\n\t\t<\/div>\n\t\t\t\t\t<\/div>\n\t\t<\/section>\n\t\t\t\t<\/div>\n\t\t","protected":false},"excerpt":{"rendered":"<p>Dre Murielle Grangeon, PhD, Kin, Admin. A. Kin\u00e9siologue et administratrice agr\u00e9e Fondatrice et directrice g\u00e9n\u00e9rale \u2013 Neuro-ConceptFondatrice de NeuroTeQ \u2013 Recherche et innovation en r\u00e9adaptation Dre Murielle Grangeon est une experte reconnue en r\u00e9adaptation neurologique et en sciences de l\u2019activit\u00e9 physique avec une majeure en neurosciences. Kin\u00e9siologue, elle d\u00e9tient un doctorat en sciences de l\u2019activit\u00e9&#8230;<\/p>\n","protected":false},"author":1,"featured_media":0,"parent":1128,"menu_order":0,"comment_status":"closed","ping_status":"closed","template":"","meta":{"_monsterinsights_skip_tracking":false,"_monsterinsights_sitenote_active":false,"_monsterinsights_sitenote_note":"","_monsterinsights_sitenote_category":0,"footnotes":""},"class_list":["post-11827","page","type-page","status-publish","hentry"],"yoast_head":"<!-- This site is optimized with the Yoast SEO plugin v27.4 - https:\/\/yoast.com\/product\/yoast-seo-wordpress\/ -->\n<title>Dre Murielle Grangeon | Experte en r\u00e9adaptation neurologique<\/title>\n<meta name=\"description\" content=\"Fondatrice de Neuro-Concept et NeuroTeQ, Dre Grangeon (PhD, kin) est une leader en innovation clinique et en r\u00e9adaptation neurologique.\" \/>\n<meta name=\"robots\" content=\"index, follow, max-snippet:-1, max-image-preview:large, max-video-preview:-1\" \/>\n<link rel=\"canonical\" href=\"https:\/\/www.neuro-concept.ca\/fr\/nos-experts\/dre-murielle-grangeon-phd-kin\/\" \/>\n<meta property=\"og:locale\" content=\"fr_FR\" \/>\n<meta property=\"og:type\" content=\"article\" \/>\n<meta property=\"og:title\" content=\"Dre Murielle Grangeon | Experte en r\u00e9adaptation neurologique\" \/>\n<meta property=\"og:description\" content=\"Fondatrice de Neuro-Concept et NeuroTeQ, Dre Grangeon (PhD, kin) est une leader en innovation clinique et en r\u00e9adaptation neurologique.\" \/>\n<meta property=\"og:url\" content=\"https:\/\/www.neuro-concept.ca\/fr\/nos-experts\/dre-murielle-grangeon-phd-kin\/\" \/>\n<meta property=\"og:site_name\" content=\"Neuro-Concept - Centre de r\u00e9adaptation neurologique\" \/>\n<meta property=\"article:publisher\" content=\"https:\/\/www.facebook.com\/neuroconcept\" \/>\n<meta property=\"article:modified_time\" content=\"2026-02-12T21:47:31+00:00\" \/>\n<meta property=\"og:image\" content=\"https:\/\/www.neuro-concept.ca\/wp-content\/uploads\/2021\/11\/1R4A8837@2x.jpg\" \/>\n<meta name=\"twitter:card\" content=\"summary_large_image\" \/>\n<meta name=\"twitter:site\" content=\"@NeuroConcept\" \/>\n<script type=\"application\/ld+json\" class=\"yoast-schema-graph\">{\"@context\":\"https:\\\/\\\/schema.org\",\"@graph\":[{\"@type\":\"WebPage\",\"@id\":\"https:\\\/\\\/www.neuro-concept.ca\\\/fr\\\/nos-experts\\\/dre-murielle-grangeon-phd-kin\\\/\",\"url\":\"https:\\\/\\\/www.neuro-concept.ca\\\/fr\\\/nos-experts\\\/dre-murielle-grangeon-phd-kin\\\/\",\"name\":\"Dre Murielle Grangeon | Experte en r\u00e9adaptation neurologique\",\"isPartOf\":{\"@id\":\"https:\\\/\\\/www.neuro-concept.ca\\\/fr\\\/#website\"},\"primaryImageOfPage\":{\"@id\":\"https:\\\/\\\/www.neuro-concept.ca\\\/fr\\\/nos-experts\\\/dre-murielle-grangeon-phd-kin\\\/#primaryimage\"},\"image\":{\"@id\":\"https:\\\/\\\/www.neuro-concept.ca\\\/fr\\\/nos-experts\\\/dre-murielle-grangeon-phd-kin\\\/#primaryimage\"},\"thumbnailUrl\":\"https:\\\/\\\/www.neuro-concept.ca\\\/wp-content\\\/uploads\\\/2021\\\/11\\\/1R4A8837@2x.jpg\",\"datePublished\":\"2024-12-16T13:57:43+00:00\",\"dateModified\":\"2026-02-12T21:47:31+00:00\",\"description\":\"Fondatrice de Neuro-Concept et NeuroTeQ, Dre Grangeon (PhD, kin) est une leader en innovation clinique et en r\u00e9adaptation neurologique.\",\"breadcrumb\":{\"@id\":\"https:\\\/\\\/www.neuro-concept.ca\\\/fr\\\/nos-experts\\\/dre-murielle-grangeon-phd-kin\\\/#breadcrumb\"},\"inLanguage\":\"fr-ca\",\"potentialAction\":[{\"@type\":\"ReadAction\",\"target\":[\"https:\\\/\\\/www.neuro-concept.ca\\\/fr\\\/nos-experts\\\/dre-murielle-grangeon-phd-kin\\\/\"]}]},{\"@type\":\"ImageObject\",\"inLanguage\":\"fr-ca\",\"@id\":\"https:\\\/\\\/www.neuro-concept.ca\\\/fr\\\/nos-experts\\\/dre-murielle-grangeon-phd-kin\\\/#primaryimage\",\"url\":\"https:\\\/\\\/www.neuro-concept.ca\\\/wp-content\\\/uploads\\\/2021\\\/11\\\/1R4A8837@2x.jpg\",\"contentUrl\":\"https:\\\/\\\/www.neuro-concept.ca\\\/wp-content\\\/uploads\\\/2021\\\/11\\\/1R4A8837@2x.jpg\"},{\"@type\":\"BreadcrumbList\",\"@id\":\"https:\\\/\\\/www.neuro-concept.ca\\\/fr\\\/nos-experts\\\/dre-murielle-grangeon-phd-kin\\\/#breadcrumb\",\"itemListElement\":[{\"@type\":\"ListItem\",\"position\":1,\"name\":\"Home\",\"item\":\"https:\\\/\\\/www.neuro-concept.ca\\\/fr\\\/\"},{\"@type\":\"ListItem\",\"position\":2,\"name\":\"Nos experts en r\u00e9adaptation\",\"item\":\"https:\\\/\\\/www.neuro-concept.ca\\\/fr\\\/nos-experts\\\/\"},{\"@type\":\"ListItem\",\"position\":3,\"name\":\"Dre Murielle Grangeon, PhD, Kin, Admin.A.\"}]},{\"@type\":\"WebSite\",\"@id\":\"https:\\\/\\\/www.neuro-concept.ca\\\/fr\\\/#website\",\"url\":\"https:\\\/\\\/www.neuro-concept.ca\\\/fr\\\/\",\"name\":\"Neuro-Concept - Centre de r\u00e9adaptation neurologique\",\"description\":\"La sant\u00e9 - \u00c0 la port\u00e9e de tous\",\"publisher\":{\"@id\":\"https:\\\/\\\/www.neuro-concept.ca\\\/fr\\\/#organization\"},\"potentialAction\":[{\"@type\":\"SearchAction\",\"target\":{\"@type\":\"EntryPoint\",\"urlTemplate\":\"https:\\\/\\\/www.neuro-concept.ca\\\/fr\\\/?s={search_term_string}\"},\"query-input\":{\"@type\":\"PropertyValueSpecification\",\"valueRequired\":true,\"valueName\":\"search_term_string\"}}],\"inLanguage\":\"fr-ca\"},{\"@type\":\"Organization\",\"@id\":\"https:\\\/\\\/www.neuro-concept.ca\\\/fr\\\/#organization\",\"name\":\"Neuro-Concept\",\"url\":\"https:\\\/\\\/www.neuro-concept.ca\\\/fr\\\/\",\"logo\":{\"@type\":\"ImageObject\",\"inLanguage\":\"fr-ca\",\"@id\":\"https:\\\/\\\/www.neuro-concept.ca\\\/fr\\\/#\\\/schema\\\/logo\\\/image\\\/\",\"url\":\"https:\\\/\\\/www.neuro-concept.ca\\\/wp-content\\\/uploads\\\/2019\\\/07\\\/favicon-1.png\",\"contentUrl\":\"https:\\\/\\\/www.neuro-concept.ca\\\/wp-content\\\/uploads\\\/2019\\\/07\\\/favicon-1.png\",\"width\":330,\"height\":330,\"caption\":\"Neuro-Concept\"},\"image\":{\"@id\":\"https:\\\/\\\/www.neuro-concept.ca\\\/fr\\\/#\\\/schema\\\/logo\\\/image\\\/\"},\"sameAs\":[\"https:\\\/\\\/www.facebook.com\\\/neuroconcept\",\"https:\\\/\\\/x.com\\\/NeuroConcept\",\"https:\\\/\\\/www.instagram.com\\\/neuroconcept.rehab\\\/\",\"https:\\\/\\\/twitter.com\\\/NeuroConcept\"]}]}<\/script>\n<!-- \/ Yoast SEO plugin. -->","yoast_head_json":{"title":"Dre Murielle Grangeon | Experte en r\u00e9adaptation neurologique","description":"Fondatrice de Neuro-Concept et NeuroTeQ, Dre Grangeon (PhD, kin) est une leader en innovation clinique et en r\u00e9adaptation neurologique.","robots":{"index":"index","follow":"follow","max-snippet":"max-snippet:-1","max-image-preview":"max-image-preview:large","max-video-preview":"max-video-preview:-1"},"canonical":"https:\/\/www.neuro-concept.ca\/fr\/nos-experts\/dre-murielle-grangeon-phd-kin\/","og_locale":"fr_FR","og_type":"article","og_title":"Dre Murielle Grangeon | Experte en r\u00e9adaptation neurologique","og_description":"Fondatrice de Neuro-Concept et NeuroTeQ, Dre Grangeon (PhD, kin) est une leader en innovation clinique et en r\u00e9adaptation neurologique.","og_url":"https:\/\/www.neuro-concept.ca\/fr\/nos-experts\/dre-murielle-grangeon-phd-kin\/","og_site_name":"Neuro-Concept - Centre de r\u00e9adaptation neurologique","article_publisher":"https:\/\/www.facebook.com\/neuroconcept","article_modified_time":"2026-02-12T21:47:31+00:00","og_image":[{"url":"https:\/\/www.neuro-concept.ca\/wp-content\/uploads\/2021\/11\/1R4A8837@2x.jpg","type":"","width":"","height":""}],"twitter_card":"summary_large_image","twitter_site":"@NeuroConcept","schema":{"@context":"https:\/\/schema.org","@graph":[{"@type":"WebPage","@id":"https:\/\/www.neuro-concept.ca\/fr\/nos-experts\/dre-murielle-grangeon-phd-kin\/","url":"https:\/\/www.neuro-concept.ca\/fr\/nos-experts\/dre-murielle-grangeon-phd-kin\/","name":"Dre Murielle Grangeon | Experte en r\u00e9adaptation neurologique","isPartOf":{"@id":"https:\/\/www.neuro-concept.ca\/fr\/#website"},"primaryImageOfPage":{"@id":"https:\/\/www.neuro-concept.ca\/fr\/nos-experts\/dre-murielle-grangeon-phd-kin\/#primaryimage"},"image":{"@id":"https:\/\/www.neuro-concept.ca\/fr\/nos-experts\/dre-murielle-grangeon-phd-kin\/#primaryimage"},"thumbnailUrl":"https:\/\/www.neuro-concept.ca\/wp-content\/uploads\/2021\/11\/1R4A8837@2x.jpg","datePublished":"2024-12-16T13:57:43+00:00","dateModified":"2026-02-12T21:47:31+00:00","description":"Fondatrice de Neuro-Concept et NeuroTeQ, Dre Grangeon (PhD, kin) est une leader en innovation clinique et en r\u00e9adaptation neurologique.","breadcrumb":{"@id":"https:\/\/www.neuro-concept.ca\/fr\/nos-experts\/dre-murielle-grangeon-phd-kin\/#breadcrumb"},"inLanguage":"fr-ca","potentialAction":[{"@type":"ReadAction","target":["https:\/\/www.neuro-concept.ca\/fr\/nos-experts\/dre-murielle-grangeon-phd-kin\/"]}]},{"@type":"ImageObject","inLanguage":"fr-ca","@id":"https:\/\/www.neuro-concept.ca\/fr\/nos-experts\/dre-murielle-grangeon-phd-kin\/#primaryimage","url":"https:\/\/www.neuro-concept.ca\/wp-content\/uploads\/2021\/11\/1R4A8837@2x.jpg","contentUrl":"https:\/\/www.neuro-concept.ca\/wp-content\/uploads\/2021\/11\/1R4A8837@2x.jpg"},{"@type":"BreadcrumbList","@id":"https:\/\/www.neuro-concept.ca\/fr\/nos-experts\/dre-murielle-grangeon-phd-kin\/#breadcrumb","itemListElement":[{"@type":"ListItem","position":1,"name":"Home","item":"https:\/\/www.neuro-concept.ca\/fr\/"},{"@type":"ListItem","position":2,"name":"Nos experts en r\u00e9adaptation","item":"https:\/\/www.neuro-concept.ca\/fr\/nos-experts\/"},{"@type":"ListItem","position":3,"name":"Dre Murielle Grangeon, PhD, Kin, Admin.A."}]},{"@type":"WebSite","@id":"https:\/\/www.neuro-concept.ca\/fr\/#website","url":"https:\/\/www.neuro-concept.ca\/fr\/","name":"Neuro-Concept - Centre de r\u00e9adaptation neurologique","description":"La sant\u00e9 - \u00c0 la port\u00e9e de tous","publisher":{"@id":"https:\/\/www.neuro-concept.ca\/fr\/#organization"},"potentialAction":[{"@type":"SearchAction","target":{"@type":"EntryPoint","urlTemplate":"https:\/\/www.neuro-concept.ca\/fr\/?s={search_term_string}"},"query-input":{"@type":"PropertyValueSpecification","valueRequired":true,"valueName":"search_term_string"}}],"inLanguage":"fr-ca"},{"@type":"Organization","@id":"https:\/\/www.neuro-concept.ca\/fr\/#organization","name":"Neuro-Concept","url":"https:\/\/www.neuro-concept.ca\/fr\/","logo":{"@type":"ImageObject","inLanguage":"fr-ca","@id":"https:\/\/www.neuro-concept.ca\/fr\/#\/schema\/logo\/image\/","url":"https:\/\/www.neuro-concept.ca\/wp-content\/uploads\/2019\/07\/favicon-1.png","contentUrl":"https:\/\/www.neuro-concept.ca\/wp-content\/uploads\/2019\/07\/favicon-1.png","width":330,"height":330,"caption":"Neuro-Concept"},"image":{"@id":"https:\/\/www.neuro-concept.ca\/fr\/#\/schema\/logo\/image\/"},"sameAs":["https:\/\/www.facebook.com\/neuroconcept","https:\/\/x.com\/NeuroConcept","https:\/\/www.instagram.com\/neuroconcept.rehab\/","https:\/\/twitter.com\/NeuroConcept"]}]}},"_links":{"self":[{"href":"https:\/\/www.neuro-concept.ca\/fr\/wp-json\/wp\/v2\/pages\/11827","targetHints":{"allow":["GET"]}}],"collection":[{"href":"https:\/\/www.neuro-concept.ca\/fr\/wp-json\/wp\/v2\/pages"}],"about":[{"href":"https:\/\/www.neuro-concept.ca\/fr\/wp-json\/wp\/v2\/types\/page"}],"author":[{"embeddable":true,"href":"https:\/\/www.neuro-concept.ca\/fr\/wp-json\/wp\/v2\/users\/1"}],"replies":[{"embeddable":true,"href":"https:\/\/www.neuro-concept.ca\/fr\/wp-json\/wp\/v2\/comments?post=11827"}],"version-history":[{"count":28,"href":"https:\/\/www.neuro-concept.ca\/fr\/wp-json\/wp\/v2\/pages\/11827\/revisions"}],"predecessor-version":[{"id":14126,"href":"https:\/\/www.neuro-concept.ca\/fr\/wp-json\/wp\/v2\/pages\/11827\/revisions\/14126"}],"up":[{"embeddable":true,"href":"https:\/\/www.neuro-concept.ca\/fr\/wp-json\/wp\/v2\/pages\/1128"}],"wp:attachment":[{"href":"https:\/\/www.neuro-concept.ca\/fr\/wp-json\/wp\/v2\/media?parent=11827"}],"curies":[{"name":"wp","href":"https:\/\/api.w.org\/{rel}","templated":true}]}}