{"id":10860,"date":"2021-11-16T10:47:04","date_gmt":"2021-11-16T15:47:04","guid":{"rendered":"https:\/\/www.neuro-concept.ca\/?page_id=10860"},"modified":"2025-07-10T17:53:17","modified_gmt":"2025-07-10T21:53:17","slug":"mark-mattei","status":"publish","type":"page","link":"https:\/\/www.neuro-concept.ca\/fr\/nos-experts\/mark-mattei\/","title":{"rendered":"Mark Mattei"},"content":{"rendered":"\t\t<div data-elementor-type=\"wp-page\" data-elementor-id=\"10860\" class=\"elementor elementor-10860\">\n\t\t\t\t\t\t<section class=\"elementor-section elementor-top-section elementor-element elementor-element-1dff72a single-equipe elementor-section-boxed elementor-section-height-default elementor-section-height-default\" data-id=\"1dff72a\" data-element_type=\"section\" data-e-type=\"section\">\n\t\t\t\t\t\t<div class=\"elementor-container elementor-column-gap-default\">\n\t\t\t\t\t<div class=\"elementor-column elementor-col-100 elementor-top-column elementor-element elementor-element-9a8e03e\" data-id=\"9a8e03e\" data-element_type=\"column\" data-e-type=\"column\">\n\t\t\t<div class=\"elementor-widget-wrap elementor-element-populated\">\n\t\t\t\t\t\t<section class=\"elementor-section elementor-inner-section elementor-element elementor-element-41d14b8 elementor-section-boxed elementor-section-height-default elementor-section-height-default\" data-id=\"41d14b8\" data-element_type=\"section\" data-e-type=\"section\">\n\t\t\t\t\t\t<div class=\"elementor-container elementor-column-gap-default\">\n\t\t\t\t\t<div class=\"elementor-column elementor-col-50 elementor-inner-column elementor-element elementor-element-7b15014\" data-id=\"7b15014\" data-element_type=\"column\" data-e-type=\"column\">\n\t\t\t<div class=\"elementor-widget-wrap elementor-element-populated\">\n\t\t\t\t\t\t<div class=\"elementor-element elementor-element-2eb09cc elementor-widget elementor-widget-image\" data-id=\"2eb09cc\" data-element_type=\"widget\" data-e-type=\"widget\" data-widget_type=\"image.default\">\n\t\t\t\t<div class=\"elementor-widget-container\">\n\t\t\t\t\t\t\t\t\t\t\t\t\t\t\t<img fetchpriority=\"high\" decoding=\"async\" width=\"370\" height=\"548\" src=\"https:\/\/www.neuro-concept.ca\/wp-content\/uploads\/2021\/11\/1R4A8171@2x.jpg\" class=\"attachment-large size-large wp-image-10549\" alt=\"\" srcset=\"https:\/\/www.neuro-concept.ca\/wp-content\/uploads\/2021\/11\/1R4A8171@2x.jpg 370w, https:\/\/www.neuro-concept.ca\/wp-content\/uploads\/2021\/11\/1R4A8171@2x-203x300.jpg 203w\" sizes=\"(max-width: 370px) 100vw, 370px\" \/>\t\t\t\t\t\t\t\t\t\t\t\t\t\t\t<\/div>\n\t\t\t\t<\/div>\n\t\t\t\t<div class=\"elementor-element elementor-element-32f79c0 elementor-widget elementor-widget-rt-title\" data-id=\"32f79c0\" data-element_type=\"widget\" data-e-type=\"widget\" data-widget_type=\"rt-title.default\">\n\t\t\t\t<div class=\"elementor-widget-container\">\n\t\t\t\t\t<div class=\"section-heading heading-dark text-left heading-layout1\">\n        <h2 class=\"rtin-title\">Mark Mattei<\/h2>\n        \t\t\t<p class=\"rtin-subtitle\">Physioth\u00e9rapeute<\/p> \n         <\/div>\t\t\t\t<\/div>\n\t\t\t\t<\/div>\n\t\t\t\t\t<\/div>\n\t\t<\/div>\n\t\t\t\t<div class=\"elementor-column elementor-col-50 elementor-inner-column elementor-element elementor-element-36bb461\" data-id=\"36bb461\" data-element_type=\"column\" data-e-type=\"column\">\n\t\t\t<div class=\"elementor-widget-wrap elementor-element-populated\">\n\t\t\t\t\t\t<div class=\"elementor-element elementor-element-5390fbc elementor-widget elementor-widget-text-editor\" data-id=\"5390fbc\" data-element_type=\"widget\" data-e-type=\"widget\" data-widget_type=\"text-editor.default\">\n\t\t\t\t<div class=\"elementor-widget-container\">\n\t\t\t\t\t\t\t\t\t<p data-start=\"260\" data-end=\"381\"><strong data-start=\"260\" data-end=\"331\">Physioth\u00e9rapeute \u2013 Expert en orthop\u00e9die et r\u00e9\u00e9ducation vestibulaire<\/strong><br data-start=\"331\" data-end=\"334\" \/><strong data-start=\"334\" data-end=\"381\">Professeur clinique<\/strong><\/p><p data-start=\"383\" data-end=\"791\">Mark Mattei est physioth\u00e9rapeute dipl\u00f4m\u00e9 de l\u2019Universit\u00e9 McGill, apr\u00e8s y avoir compl\u00e9t\u00e9 un baccalaur\u00e9at en biochimie. Membre en r\u00e8gle de l\u2019<strong data-start=\"522\" data-end=\"576\">Ordre professionnel de la physioth\u00e9rapie du Qu\u00e9bec<\/strong>, de l\u2019<strong data-start=\"583\" data-end=\"660\">Alliance canadienne des organismes de r\u00e9glementation de la physioth\u00e9rapie<\/strong> et de l\u2019<strong data-start=\"669\" data-end=\"713\">Association canadienne de physioth\u00e9rapie<\/strong>, il cumule <strong data-start=\"725\" data-end=\"756\">plus de 25 ans d\u2019exp\u00e9rience<\/strong> dans les secteurs public et priv\u00e9.<\/p><p data-start=\"793\" data-end=\"1190\">Au fil de sa carri\u00e8re, Mark a exerc\u00e9 dans tous les grands domaines de la physioth\u00e9rapie \u2014 orthop\u00e9dique, neurologique, g\u00e9riatrique et vestibulaire. Il concentre aujourd\u2019hui sa pratique sur la <strong data-start=\"984\" data-end=\"1060\">prise en charge des conditions musculosquelettiques simples et complexes<\/strong>, ainsi que sur les <strong data-start=\"1080\" data-end=\"1106\">troubles vestibulaires<\/strong>, avec une approche fond\u00e9e sur la pr\u00e9cision clinique et la durabilit\u00e9 des r\u00e9sultats.<\/p><p data-start=\"1192\" data-end=\"1562\">Guid\u00e9 par un souci constant d\u2019excellence, il continue de mettre \u00e0 jour ses comp\u00e9tences et sa pratique par la <strong data-start=\"1301\" data-end=\"1323\">formation continue<\/strong>. Son expertise lui permet d\u2019int\u00e9grer habilement <strong data-start=\"1372\" data-end=\"1428\">th\u00e9rapie manuelle et prescription d\u2019exercices cibl\u00e9s<\/strong>, afin de corriger les d\u00e9ficiences biom\u00e9caniques responsables de la douleur et d\u2019optimiser la r\u00e9cup\u00e9ration fonctionnelle \u00e0 long terme.<\/p><p data-start=\"1564\" data-end=\"2015\">Passionn\u00e9 par la <strong data-start=\"1581\" data-end=\"1607\">transmission du savoir<\/strong>, Mark s\u2019implique activement dans l\u2019enseignement. Il a donn\u00e9 des cours \u00e0 l\u2019\u00c9cole de physioth\u00e9rapie et d\u2019ergoth\u00e9rapie de l\u2019Universit\u00e9 McGill et enseigne actuellement au <strong data-start=\"1775\" data-end=\"1839\">programme de technologie en physioth\u00e9rapie du Coll\u00e8ge Dawson<\/strong>. Il poursuit \u00e9galement une <strong data-start=\"1867\" data-end=\"1892\">ma\u00eetrise en \u00e9ducation<\/strong>, consolidant son engagement envers la p\u00e9dagogie et le d\u00e9veloppement des futures g\u00e9n\u00e9rations de professionnels de la sant\u00e9.<\/p>\t\t\t\t\t\t\t\t<\/div>\n\t\t\t\t<\/div>\n\t\t\t\t\t<\/div>\n\t\t<\/div>\n\t\t\t\t\t<\/div>\n\t\t<\/section>\n\t\t\t\t\t<\/div>\n\t\t<\/div>\n\t\t\t\t\t<\/div>\n\t\t<\/section>\n\t\t\t\t<\/div>\n\t\t","protected":false},"excerpt":{"rendered":"<p>Mark Mattei Physioth\u00e9rapeute Physioth\u00e9rapeute \u2013 Expert en orthop\u00e9die et r\u00e9\u00e9ducation vestibulaireProfesseur clinique Mark Mattei est physioth\u00e9rapeute dipl\u00f4m\u00e9 de l\u2019Universit\u00e9 McGill, apr\u00e8s y avoir compl\u00e9t\u00e9 un baccalaur\u00e9at en biochimie. Membre en r\u00e8gle de l\u2019Ordre professionnel de la physioth\u00e9rapie du Qu\u00e9bec, de l\u2019Alliance canadienne des organismes de r\u00e9glementation de la physioth\u00e9rapie et de l\u2019Association canadienne de physioth\u00e9rapie,&#8230;<\/p>\n","protected":false},"author":12,"featured_media":0,"parent":1128,"menu_order":0,"comment_status":"closed","ping_status":"closed","template":"","meta":{"_monsterinsights_skip_tracking":false,"_monsterinsights_sitenote_active":false,"_monsterinsights_sitenote_note":"","_monsterinsights_sitenote_category":0,"footnotes":""},"class_list":["post-10860","page","type-page","status-publish","hentry"],"yoast_head":"<!-- This site is optimized with the Yoast SEO plugin v27.4 - https:\/\/yoast.com\/product\/yoast-seo-wordpress\/ -->\n<title>Mark Mattei | Physioth\u00e9rapeute en orthop\u00e9die et vestibulaire<\/title>\n<meta name=\"description\" content=\"Physioth\u00e9rapeute d\u2019exp\u00e9rience, Mark Mattei est expert en troubles orthop\u00e9diques et vestibulaires, et enseignant au Coll\u00e8ge Dawson et \u00e0 McGill.\" \/>\n<meta name=\"robots\" content=\"index, follow, max-snippet:-1, max-image-preview:large, max-video-preview:-1\" \/>\n<link rel=\"canonical\" href=\"https:\/\/www.neuro-concept.ca\/fr\/nos-experts\/mark-mattei\/\" \/>\n<meta property=\"og:locale\" content=\"fr_FR\" \/>\n<meta property=\"og:type\" content=\"article\" \/>\n<meta property=\"og:title\" content=\"Mark Mattei | Physioth\u00e9rapeute en orthop\u00e9die et vestibulaire\" \/>\n<meta property=\"og:description\" content=\"Physioth\u00e9rapeute d\u2019exp\u00e9rience, Mark Mattei est expert en troubles orthop\u00e9diques et vestibulaires, et enseignant au Coll\u00e8ge Dawson et \u00e0 McGill.\" \/>\n<meta property=\"og:url\" content=\"https:\/\/www.neuro-concept.ca\/fr\/nos-experts\/mark-mattei\/\" \/>\n<meta property=\"og:site_name\" content=\"Neuro-Concept - Centre de r\u00e9adaptation neurologique\" \/>\n<meta property=\"article:publisher\" content=\"https:\/\/www.facebook.com\/neuroconcept\" \/>\n<meta property=\"article:modified_time\" content=\"2025-07-10T21:53:17+00:00\" \/>\n<meta property=\"og:image\" content=\"https:\/\/www.neuro-concept.ca\/wp-content\/uploads\/2021\/11\/1R4A8171@2x.jpg\" \/>\n<meta name=\"twitter:card\" content=\"summary_large_image\" \/>\n<meta name=\"twitter:site\" content=\"@NeuroConcept\" \/>\n<script type=\"application\/ld+json\" class=\"yoast-schema-graph\">{\"@context\":\"https:\\\/\\\/schema.org\",\"@graph\":[{\"@type\":\"WebPage\",\"@id\":\"https:\\\/\\\/www.neuro-concept.ca\\\/fr\\\/nos-experts\\\/mark-mattei\\\/\",\"url\":\"https:\\\/\\\/www.neuro-concept.ca\\\/fr\\\/nos-experts\\\/mark-mattei\\\/\",\"name\":\"Mark Mattei | Physioth\u00e9rapeute en orthop\u00e9die et vestibulaire\",\"isPartOf\":{\"@id\":\"https:\\\/\\\/www.neuro-concept.ca\\\/fr\\\/#website\"},\"primaryImageOfPage\":{\"@id\":\"https:\\\/\\\/www.neuro-concept.ca\\\/fr\\\/nos-experts\\\/mark-mattei\\\/#primaryimage\"},\"image\":{\"@id\":\"https:\\\/\\\/www.neuro-concept.ca\\\/fr\\\/nos-experts\\\/mark-mattei\\\/#primaryimage\"},\"thumbnailUrl\":\"https:\\\/\\\/www.neuro-concept.ca\\\/wp-content\\\/uploads\\\/2021\\\/11\\\/1R4A8171@2x.jpg\",\"datePublished\":\"2021-11-16T15:47:04+00:00\",\"dateModified\":\"2025-07-10T21:53:17+00:00\",\"description\":\"Physioth\u00e9rapeute d\u2019exp\u00e9rience, Mark Mattei est expert en troubles orthop\u00e9diques et vestibulaires, et enseignant au Coll\u00e8ge Dawson et \u00e0 McGill.\",\"breadcrumb\":{\"@id\":\"https:\\\/\\\/www.neuro-concept.ca\\\/fr\\\/nos-experts\\\/mark-mattei\\\/#breadcrumb\"},\"inLanguage\":\"fr-ca\",\"potentialAction\":[{\"@type\":\"ReadAction\",\"target\":[\"https:\\\/\\\/www.neuro-concept.ca\\\/fr\\\/nos-experts\\\/mark-mattei\\\/\"]}]},{\"@type\":\"ImageObject\",\"inLanguage\":\"fr-ca\",\"@id\":\"https:\\\/\\\/www.neuro-concept.ca\\\/fr\\\/nos-experts\\\/mark-mattei\\\/#primaryimage\",\"url\":\"https:\\\/\\\/www.neuro-concept.ca\\\/wp-content\\\/uploads\\\/2021\\\/11\\\/1R4A8171@2x.jpg\",\"contentUrl\":\"https:\\\/\\\/www.neuro-concept.ca\\\/wp-content\\\/uploads\\\/2021\\\/11\\\/1R4A8171@2x.jpg\"},{\"@type\":\"BreadcrumbList\",\"@id\":\"https:\\\/\\\/www.neuro-concept.ca\\\/fr\\\/nos-experts\\\/mark-mattei\\\/#breadcrumb\",\"itemListElement\":[{\"@type\":\"ListItem\",\"position\":1,\"name\":\"Home\",\"item\":\"https:\\\/\\\/www.neuro-concept.ca\\\/fr\\\/\"},{\"@type\":\"ListItem\",\"position\":2,\"name\":\"Nos experts en r\u00e9adaptation\",\"item\":\"https:\\\/\\\/www.neuro-concept.ca\\\/fr\\\/nos-experts\\\/\"},{\"@type\":\"ListItem\",\"position\":3,\"name\":\"Mark Mattei\"}]},{\"@type\":\"WebSite\",\"@id\":\"https:\\\/\\\/www.neuro-concept.ca\\\/fr\\\/#website\",\"url\":\"https:\\\/\\\/www.neuro-concept.ca\\\/fr\\\/\",\"name\":\"Neuro-Concept - Centre de r\u00e9adaptation neurologique\",\"description\":\"La sant\u00e9 - \u00c0 la port\u00e9e de tous\",\"publisher\":{\"@id\":\"https:\\\/\\\/www.neuro-concept.ca\\\/fr\\\/#organization\"},\"potentialAction\":[{\"@type\":\"SearchAction\",\"target\":{\"@type\":\"EntryPoint\",\"urlTemplate\":\"https:\\\/\\\/www.neuro-concept.ca\\\/fr\\\/?s={search_term_string}\"},\"query-input\":{\"@type\":\"PropertyValueSpecification\",\"valueRequired\":true,\"valueName\":\"search_term_string\"}}],\"inLanguage\":\"fr-ca\"},{\"@type\":\"Organization\",\"@id\":\"https:\\\/\\\/www.neuro-concept.ca\\\/fr\\\/#organization\",\"name\":\"Neuro-Concept\",\"url\":\"https:\\\/\\\/www.neuro-concept.ca\\\/fr\\\/\",\"logo\":{\"@type\":\"ImageObject\",\"inLanguage\":\"fr-ca\",\"@id\":\"https:\\\/\\\/www.neuro-concept.ca\\\/fr\\\/#\\\/schema\\\/logo\\\/image\\\/\",\"url\":\"https:\\\/\\\/www.neuro-concept.ca\\\/wp-content\\\/uploads\\\/2019\\\/07\\\/favicon-1.png\",\"contentUrl\":\"https:\\\/\\\/www.neuro-concept.ca\\\/wp-content\\\/uploads\\\/2019\\\/07\\\/favicon-1.png\",\"width\":330,\"height\":330,\"caption\":\"Neuro-Concept\"},\"image\":{\"@id\":\"https:\\\/\\\/www.neuro-concept.ca\\\/fr\\\/#\\\/schema\\\/logo\\\/image\\\/\"},\"sameAs\":[\"https:\\\/\\\/www.facebook.com\\\/neuroconcept\",\"https:\\\/\\\/x.com\\\/NeuroConcept\",\"https:\\\/\\\/www.instagram.com\\\/neuroconcept.rehab\\\/\",\"https:\\\/\\\/twitter.com\\\/NeuroConcept\"]}]}<\/script>\n<!-- \/ Yoast SEO plugin. -->","yoast_head_json":{"title":"Mark Mattei | Physioth\u00e9rapeute en orthop\u00e9die et vestibulaire","description":"Physioth\u00e9rapeute d\u2019exp\u00e9rience, Mark Mattei est expert en troubles orthop\u00e9diques et vestibulaires, et enseignant au Coll\u00e8ge Dawson et \u00e0 McGill.","robots":{"index":"index","follow":"follow","max-snippet":"max-snippet:-1","max-image-preview":"max-image-preview:large","max-video-preview":"max-video-preview:-1"},"canonical":"https:\/\/www.neuro-concept.ca\/fr\/nos-experts\/mark-mattei\/","og_locale":"fr_FR","og_type":"article","og_title":"Mark Mattei | Physioth\u00e9rapeute en orthop\u00e9die et vestibulaire","og_description":"Physioth\u00e9rapeute d\u2019exp\u00e9rience, Mark Mattei est expert en troubles orthop\u00e9diques et vestibulaires, et enseignant au Coll\u00e8ge Dawson et \u00e0 McGill.","og_url":"https:\/\/www.neuro-concept.ca\/fr\/nos-experts\/mark-mattei\/","og_site_name":"Neuro-Concept - Centre de r\u00e9adaptation neurologique","article_publisher":"https:\/\/www.facebook.com\/neuroconcept","article_modified_time":"2025-07-10T21:53:17+00:00","og_image":[{"url":"https:\/\/www.neuro-concept.ca\/wp-content\/uploads\/2021\/11\/1R4A8171@2x.jpg","type":"","width":"","height":""}],"twitter_card":"summary_large_image","twitter_site":"@NeuroConcept","schema":{"@context":"https:\/\/schema.org","@graph":[{"@type":"WebPage","@id":"https:\/\/www.neuro-concept.ca\/fr\/nos-experts\/mark-mattei\/","url":"https:\/\/www.neuro-concept.ca\/fr\/nos-experts\/mark-mattei\/","name":"Mark Mattei | Physioth\u00e9rapeute en orthop\u00e9die et vestibulaire","isPartOf":{"@id":"https:\/\/www.neuro-concept.ca\/fr\/#website"},"primaryImageOfPage":{"@id":"https:\/\/www.neuro-concept.ca\/fr\/nos-experts\/mark-mattei\/#primaryimage"},"image":{"@id":"https:\/\/www.neuro-concept.ca\/fr\/nos-experts\/mark-mattei\/#primaryimage"},"thumbnailUrl":"https:\/\/www.neuro-concept.ca\/wp-content\/uploads\/2021\/11\/1R4A8171@2x.jpg","datePublished":"2021-11-16T15:47:04+00:00","dateModified":"2025-07-10T21:53:17+00:00","description":"Physioth\u00e9rapeute d\u2019exp\u00e9rience, Mark Mattei est expert en troubles orthop\u00e9diques et vestibulaires, et enseignant au Coll\u00e8ge Dawson et \u00e0 McGill.","breadcrumb":{"@id":"https:\/\/www.neuro-concept.ca\/fr\/nos-experts\/mark-mattei\/#breadcrumb"},"inLanguage":"fr-ca","potentialAction":[{"@type":"ReadAction","target":["https:\/\/www.neuro-concept.ca\/fr\/nos-experts\/mark-mattei\/"]}]},{"@type":"ImageObject","inLanguage":"fr-ca","@id":"https:\/\/www.neuro-concept.ca\/fr\/nos-experts\/mark-mattei\/#primaryimage","url":"https:\/\/www.neuro-concept.ca\/wp-content\/uploads\/2021\/11\/1R4A8171@2x.jpg","contentUrl":"https:\/\/www.neuro-concept.ca\/wp-content\/uploads\/2021\/11\/1R4A8171@2x.jpg"},{"@type":"BreadcrumbList","@id":"https:\/\/www.neuro-concept.ca\/fr\/nos-experts\/mark-mattei\/#breadcrumb","itemListElement":[{"@type":"ListItem","position":1,"name":"Home","item":"https:\/\/www.neuro-concept.ca\/fr\/"},{"@type":"ListItem","position":2,"name":"Nos experts en r\u00e9adaptation","item":"https:\/\/www.neuro-concept.ca\/fr\/nos-experts\/"},{"@type":"ListItem","position":3,"name":"Mark Mattei"}]},{"@type":"WebSite","@id":"https:\/\/www.neuro-concept.ca\/fr\/#website","url":"https:\/\/www.neuro-concept.ca\/fr\/","name":"Neuro-Concept - Centre de r\u00e9adaptation neurologique","description":"La sant\u00e9 - \u00c0 la port\u00e9e de tous","publisher":{"@id":"https:\/\/www.neuro-concept.ca\/fr\/#organization"},"potentialAction":[{"@type":"SearchAction","target":{"@type":"EntryPoint","urlTemplate":"https:\/\/www.neuro-concept.ca\/fr\/?s={search_term_string}"},"query-input":{"@type":"PropertyValueSpecification","valueRequired":true,"valueName":"search_term_string"}}],"inLanguage":"fr-ca"},{"@type":"Organization","@id":"https:\/\/www.neuro-concept.ca\/fr\/#organization","name":"Neuro-Concept","url":"https:\/\/www.neuro-concept.ca\/fr\/","logo":{"@type":"ImageObject","inLanguage":"fr-ca","@id":"https:\/\/www.neuro-concept.ca\/fr\/#\/schema\/logo\/image\/","url":"https:\/\/www.neuro-concept.ca\/wp-content\/uploads\/2019\/07\/favicon-1.png","contentUrl":"https:\/\/www.neuro-concept.ca\/wp-content\/uploads\/2019\/07\/favicon-1.png","width":330,"height":330,"caption":"Neuro-Concept"},"image":{"@id":"https:\/\/www.neuro-concept.ca\/fr\/#\/schema\/logo\/image\/"},"sameAs":["https:\/\/www.facebook.com\/neuroconcept","https:\/\/x.com\/NeuroConcept","https:\/\/www.instagram.com\/neuroconcept.rehab\/","https:\/\/twitter.com\/NeuroConcept"]}]}},"_links":{"self":[{"href":"https:\/\/www.neuro-concept.ca\/fr\/wp-json\/wp\/v2\/pages\/10860","targetHints":{"allow":["GET"]}}],"collection":[{"href":"https:\/\/www.neuro-concept.ca\/fr\/wp-json\/wp\/v2\/pages"}],"about":[{"href":"https:\/\/www.neuro-concept.ca\/fr\/wp-json\/wp\/v2\/types\/page"}],"author":[{"embeddable":true,"href":"https:\/\/www.neuro-concept.ca\/fr\/wp-json\/wp\/v2\/users\/12"}],"replies":[{"embeddable":true,"href":"https:\/\/www.neuro-concept.ca\/fr\/wp-json\/wp\/v2\/comments?post=10860"}],"version-history":[{"count":11,"href":"https:\/\/www.neuro-concept.ca\/fr\/wp-json\/wp\/v2\/pages\/10860\/revisions"}],"predecessor-version":[{"id":14008,"href":"https:\/\/www.neuro-concept.ca\/fr\/wp-json\/wp\/v2\/pages\/10860\/revisions\/14008"}],"up":[{"embeddable":true,"href":"https:\/\/www.neuro-concept.ca\/fr\/wp-json\/wp\/v2\/pages\/1128"}],"wp:attachment":[{"href":"https:\/\/www.neuro-concept.ca\/fr\/wp-json\/wp\/v2\/media?parent=10860"}],"curies":[{"name":"wp","href":"https:\/\/api.w.org\/{rel}","templated":true}]}}