{"id":11840,"date":"2024-12-16T09:23:45","date_gmt":"2024-12-16T14:23:45","guid":{"rendered":"https:\/\/www.neuro-concept.ca\/dre-murielle-grangeon-phd-kin-admin-a\/"},"modified":"2025-07-10T14:32:35","modified_gmt":"2025-07-10T18:32:35","slug":"dre-murielle-grangeon-phd-kin-admin-a","status":"publish","type":"page","link":"https:\/\/www.neuro-concept.ca\/en\/our-experts\/dre-murielle-grangeon-phd-kin-admin-a\/","title":{"rendered":"Dre Murielle Grangeon, PhD, Kin, Admin.C."},"content":{"rendered":"\t\t<div data-elementor-type=\"wp-page\" data-elementor-id=\"11840\" class=\"elementor elementor-11840 elementor-11827\">\n\t\t\t\t\t\t<section class=\"elementor-section elementor-top-section elementor-element elementor-element-0c969b9 elementor-section-boxed elementor-section-height-default elementor-section-height-default\" data-id=\"0c969b9\" data-element_type=\"section\" data-e-type=\"section\">\n\t\t\t\t\t\t<div class=\"elementor-container elementor-column-gap-default\">\n\t\t\t\t\t<div class=\"elementor-column elementor-col-33 elementor-top-column elementor-element elementor-element-42f9a83\" data-id=\"42f9a83\" data-element_type=\"column\" data-e-type=\"column\">\n\t\t\t<div class=\"elementor-widget-wrap elementor-element-populated\">\n\t\t\t\t\t\t<div class=\"elementor-element elementor-element-7a139a2 elementor-widget elementor-widget-image\" data-id=\"7a139a2\" data-element_type=\"widget\" data-e-type=\"widget\" data-widget_type=\"image.default\">\n\t\t\t\t<div class=\"elementor-widget-container\">\n\t\t\t\t\t\t\t\t\t\t\t\t\t\t\t<img fetchpriority=\"high\" decoding=\"async\" width=\"370\" height=\"548\" src=\"https:\/\/www.neuro-concept.ca\/wp-content\/uploads\/2021\/11\/1R4A8837@2x.jpg\" class=\"attachment-large size-large wp-image-10521\" alt=\"Dre Murielle Grangeon, PhD\" srcset=\"https:\/\/www.neuro-concept.ca\/wp-content\/uploads\/2021\/11\/1R4A8837@2x.jpg 370w, https:\/\/www.neuro-concept.ca\/wp-content\/uploads\/2021\/11\/1R4A8837@2x-203x300.jpg 203w\" sizes=\"(max-width: 370px) 100vw, 370px\" \/>\t\t\t\t\t\t\t\t\t\t\t\t\t\t\t<\/div>\n\t\t\t\t<\/div>\n\t\t\t\t<div class=\"elementor-element elementor-element-f1f050d elementor-widget elementor-widget-rt-title\" data-id=\"f1f050d\" data-element_type=\"widget\" data-e-type=\"widget\" data-widget_type=\"rt-title.default\">\n\t\t\t\t<div class=\"elementor-widget-container\">\n\t\t\t\t\t<div class=\"section-heading heading-dark text-left heading-layout1\">\n        <h2 class=\"rtin-title\">Dre Murielle Grangeon, PhD, Kin, Admin. A.<\/h2>\n        \t\t\t<p class=\"rtin-subtitle\">Kin\u00e9siologue et administratrice agr\u00e9e<\/p> \n         <\/div>\t\t\t\t<\/div>\n\t\t\t\t<\/div>\n\t\t\t\t\t<\/div>\n\t\t<\/div>\n\t\t\t\t<div class=\"elementor-column elementor-col-66 elementor-top-column elementor-element elementor-element-649b46c\" data-id=\"649b46c\" data-element_type=\"column\" data-e-type=\"column\">\n\t\t\t<div class=\"elementor-widget-wrap elementor-element-populated\">\n\t\t\t\t\t\t<div class=\"elementor-element elementor-element-737b9f5 elementor-widget elementor-widget-text-editor\" data-id=\"737b9f5\" data-element_type=\"widget\" data-e-type=\"widget\" data-widget_type=\"text-editor.default\">\n\t\t\t\t<div class=\"elementor-widget-container\">\n\t\t\t\t\t\t\t\t\t<p data-start=\"161\" data-end=\"278\"><strong data-start=\"161\" data-end=\"210\">Founder and Clinical Director \u2013 Neuro-Concept<\/strong><br data-start=\"210\" data-end=\"213\" \/><strong data-start=\"213\" data-end=\"278\">Founder of NeuroTeQ \u2013 Research &amp; Innovation in Rehabilitation<\/strong><\/p>\n<p><\/p>\n<p data-start=\"280\" data-end=\"636\">Dr. Murielle Grangeon is a recognized expert in neurological rehabilitation and exercise science. A trained kinesiologist, she holds a <strong data-start=\"415\" data-end=\"444\">Ph.D. in Exercise Science<\/strong> and a <strong data-start=\"451\" data-end=\"504\">postdoctoral fellowship in Rehabilitation Science<\/strong>, with a specialization in <strong data-start=\"531\" data-end=\"635\">neuroplasticity, motor control, and functional training for individuals with neurological conditions<\/strong>.<\/p>\n<p><\/p>\n<p data-start=\"638\" data-end=\"925\">With <strong data-start=\"643\" data-end=\"674\">over 20 years of experience<\/strong> in clinical care, research, and teaching, she has developed extensive expertise in treating individuals affected by stroke, spinal cord injury, traumatic brain injury, and neurodegenerative diseases such as multiple sclerosis and Parkinson\u2019s disease.<\/p>\n<p><\/p>\n<p data-start=\"927\" data-end=\"1426\">A visionary leader, she founded <strong data-start=\"959\" data-end=\"976\">Neuro-Concept<\/strong>, an interdisciplinary rehabilitation center that integrates <strong data-start=\"1037\" data-end=\"1127\">robotics, interactive technologies, tele-rehabilitation, and adapted physical activity<\/strong> within a patient-centered care model. Dr. Grangeon also founded <strong data-start=\"1192\" data-end=\"1204\">NeuroTeQ<\/strong>, the research and innovation division of Neuro-Concept, with the mission of promoting <strong data-start=\"1291\" data-end=\"1314\">clinical innovation<\/strong>, <strong data-start=\"1316\" data-end=\"1341\">scientific validation<\/strong>, and <strong data-start=\"1347\" data-end=\"1425\">collaborative development with academic, clinical, and industrial partners<\/strong>.<\/p>\n<p><\/p>\n<p data-start=\"1428\" data-end=\"1772\">Through NeuroTeQ, she leads applied research projects focused on the effectiveness of rehabilitation technologies, the mechanisms of brain plasticity, and evidence-based interventions in real-world settings. She is also active as a <strong data-start=\"1660\" data-end=\"1709\">lecturer, academic supervisor, and consultant<\/strong> in the fields of digital health and rehabilitation technology.<\/p>\n<p><\/p>\n<p data-start=\"1774\" data-end=\"2073\">Dr. Grangeon is widely recognized for her leadership, human-centered approach, and commitment to innovation. Her contributions have earned her several awards and distinctions highlighting her <strong data-start=\"1966\" data-end=\"2062\">impact on the community, clinical excellence, and advancement of neurological rehabilitation<\/strong> in Quebec.<\/p>\n\t\t\t\t\t\t\t\t<\/div>\n\t\t\t\t<\/div>\n\t\t\t\t\t<\/div>\n\t\t<\/div>\n\t\t\t\t\t<\/div>\n\t\t<\/section>\n\t\t\t\t<\/div>\n\t\t","protected":false},"excerpt":{"rendered":"<p>Dre Murielle Grangeon, PhD, Kin, Admin. A. Kin\u00e9siologue et administratrice agr\u00e9e Founder and Clinical Director \u2013 Neuro-ConceptFounder of NeuroTeQ \u2013 Research &amp; Innovation in Rehabilitation Dr. Murielle Grangeon is a recognized expert in neurological rehabilitation and exercise science. A trained kinesiologist, she holds a Ph.D. in Exercise Science and a postdoctoral fellowship in Rehabilitation Science,&#8230;<\/p>\n","protected":false},"author":1,"featured_media":0,"parent":2740,"menu_order":0,"comment_status":"closed","ping_status":"closed","template":"","meta":{"_monsterinsights_skip_tracking":false,"_monsterinsights_sitenote_active":false,"_monsterinsights_sitenote_note":"","_monsterinsights_sitenote_category":0,"footnotes":""},"class_list":["post-11840","page","type-page","status-publish","hentry"],"yoast_head":"<!-- This site is optimized with the Yoast SEO plugin v27.4 - https:\/\/yoast.com\/product\/yoast-seo-wordpress\/ -->\n<title>Dr. Murielle Grangeon | Neurorehabilitation Expert<\/title>\n<meta name=\"description\" content=\"Founder of Neuro-Concept and NeuroTeQ, Dr. Grangeon (PhD, Kin) is a leader in clinical innovation and neurological rehab research.\" \/>\n<meta name=\"robots\" content=\"index, follow, max-snippet:-1, max-image-preview:large, max-video-preview:-1\" \/>\n<link rel=\"canonical\" href=\"https:\/\/www.neuro-concept.ca\/en\/our-experts\/dre-murielle-grangeon-phd-kin-admin-a\/\" \/>\n<meta property=\"og:locale\" content=\"en_US\" \/>\n<meta property=\"og:type\" content=\"article\" \/>\n<meta property=\"og:title\" content=\"Dr. Murielle Grangeon | Neurorehabilitation Expert\" \/>\n<meta property=\"og:description\" content=\"Founder of Neuro-Concept and NeuroTeQ, Dr. Grangeon (PhD, Kin) is a leader in clinical innovation and neurological rehab research.\" \/>\n<meta property=\"og:url\" content=\"https:\/\/www.neuro-concept.ca\/en\/our-experts\/dre-murielle-grangeon-phd-kin-admin-a\/\" \/>\n<meta property=\"og:site_name\" content=\"Neuro-Concept - Private Rehabilitation Center\" \/>\n<meta property=\"article:publisher\" content=\"https:\/\/www.facebook.com\/neuroconcept\" \/>\n<meta property=\"article:modified_time\" content=\"2025-07-10T18:32:35+00:00\" \/>\n<meta property=\"og:image\" content=\"https:\/\/www.neuro-concept.ca\/wp-content\/uploads\/2021\/11\/1R4A8837@2x.jpg\" \/>\n<meta name=\"twitter:card\" content=\"summary_large_image\" \/>\n<meta name=\"twitter:site\" content=\"@NeuroConcept\" \/>\n<script type=\"application\/ld+json\" class=\"yoast-schema-graph\">{\"@context\":\"https:\\\/\\\/schema.org\",\"@graph\":[{\"@type\":\"WebPage\",\"@id\":\"https:\\\/\\\/www.neuro-concept.ca\\\/en\\\/our-experts\\\/dre-murielle-grangeon-phd-kin-admin-a\\\/\",\"url\":\"https:\\\/\\\/www.neuro-concept.ca\\\/en\\\/our-experts\\\/dre-murielle-grangeon-phd-kin-admin-a\\\/\",\"name\":\"Dr. Murielle Grangeon | Neurorehabilitation Expert\",\"isPartOf\":{\"@id\":\"https:\\\/\\\/www.neuro-concept.ca\\\/fr\\\/#website\"},\"primaryImageOfPage\":{\"@id\":\"https:\\\/\\\/www.neuro-concept.ca\\\/en\\\/our-experts\\\/dre-murielle-grangeon-phd-kin-admin-a\\\/#primaryimage\"},\"image\":{\"@id\":\"https:\\\/\\\/www.neuro-concept.ca\\\/en\\\/our-experts\\\/dre-murielle-grangeon-phd-kin-admin-a\\\/#primaryimage\"},\"thumbnailUrl\":\"https:\\\/\\\/www.neuro-concept.ca\\\/wp-content\\\/uploads\\\/2021\\\/11\\\/1R4A8837@2x.jpg\",\"datePublished\":\"2024-12-16T14:23:45+00:00\",\"dateModified\":\"2025-07-10T18:32:35+00:00\",\"description\":\"Founder of Neuro-Concept and NeuroTeQ, Dr. Grangeon (PhD, Kin) is a leader in clinical innovation and neurological rehab research.\",\"breadcrumb\":{\"@id\":\"https:\\\/\\\/www.neuro-concept.ca\\\/en\\\/our-experts\\\/dre-murielle-grangeon-phd-kin-admin-a\\\/#breadcrumb\"},\"inLanguage\":\"en-ca\",\"potentialAction\":[{\"@type\":\"ReadAction\",\"target\":[\"https:\\\/\\\/www.neuro-concept.ca\\\/en\\\/our-experts\\\/dre-murielle-grangeon-phd-kin-admin-a\\\/\"]}]},{\"@type\":\"ImageObject\",\"inLanguage\":\"en-ca\",\"@id\":\"https:\\\/\\\/www.neuro-concept.ca\\\/en\\\/our-experts\\\/dre-murielle-grangeon-phd-kin-admin-a\\\/#primaryimage\",\"url\":\"https:\\\/\\\/www.neuro-concept.ca\\\/wp-content\\\/uploads\\\/2021\\\/11\\\/1R4A8837@2x.jpg\",\"contentUrl\":\"https:\\\/\\\/www.neuro-concept.ca\\\/wp-content\\\/uploads\\\/2021\\\/11\\\/1R4A8837@2x.jpg\"},{\"@type\":\"BreadcrumbList\",\"@id\":\"https:\\\/\\\/www.neuro-concept.ca\\\/en\\\/our-experts\\\/dre-murielle-grangeon-phd-kin-admin-a\\\/#breadcrumb\",\"itemListElement\":[{\"@type\":\"ListItem\",\"position\":1,\"name\":\"Home\",\"item\":\"https:\\\/\\\/www.neuro-concept.ca\\\/en\\\/\"},{\"@type\":\"ListItem\",\"position\":2,\"name\":\"Our Experts in Rehabilitation\",\"item\":\"https:\\\/\\\/www.neuro-concept.ca\\\/en\\\/our-experts\\\/\"},{\"@type\":\"ListItem\",\"position\":3,\"name\":\"Dre Murielle Grangeon, PhD, Kin, Admin.C.\"}]},{\"@type\":\"WebSite\",\"@id\":\"https:\\\/\\\/www.neuro-concept.ca\\\/fr\\\/#website\",\"url\":\"https:\\\/\\\/www.neuro-concept.ca\\\/fr\\\/\",\"name\":\"Neuro-Concept - Private Rehabilitation Center\",\"description\":\"La sant\u00e9 - \u00c0 la port\u00e9e de tous\",\"publisher\":{\"@id\":\"https:\\\/\\\/www.neuro-concept.ca\\\/fr\\\/#organization\"},\"potentialAction\":[{\"@type\":\"SearchAction\",\"target\":{\"@type\":\"EntryPoint\",\"urlTemplate\":\"https:\\\/\\\/www.neuro-concept.ca\\\/fr\\\/?s={search_term_string}\"},\"query-input\":{\"@type\":\"PropertyValueSpecification\",\"valueRequired\":true,\"valueName\":\"search_term_string\"}}],\"inLanguage\":\"en-ca\"},{\"@type\":\"Organization\",\"@id\":\"https:\\\/\\\/www.neuro-concept.ca\\\/fr\\\/#organization\",\"name\":\"Neuro-Concept\",\"url\":\"https:\\\/\\\/www.neuro-concept.ca\\\/fr\\\/\",\"logo\":{\"@type\":\"ImageObject\",\"inLanguage\":\"en-ca\",\"@id\":\"https:\\\/\\\/www.neuro-concept.ca\\\/fr\\\/#\\\/schema\\\/logo\\\/image\\\/\",\"url\":\"https:\\\/\\\/www.neuro-concept.ca\\\/wp-content\\\/uploads\\\/2019\\\/07\\\/favicon-1.png\",\"contentUrl\":\"https:\\\/\\\/www.neuro-concept.ca\\\/wp-content\\\/uploads\\\/2019\\\/07\\\/favicon-1.png\",\"width\":330,\"height\":330,\"caption\":\"Neuro-Concept\"},\"image\":{\"@id\":\"https:\\\/\\\/www.neuro-concept.ca\\\/fr\\\/#\\\/schema\\\/logo\\\/image\\\/\"},\"sameAs\":[\"https:\\\/\\\/www.facebook.com\\\/neuroconcept\",\"https:\\\/\\\/x.com\\\/NeuroConcept\",\"https:\\\/\\\/www.instagram.com\\\/neuroconcept.rehab\\\/\",\"https:\\\/\\\/twitter.com\\\/NeuroConcept\"]}]}<\/script>\n<!-- \/ Yoast SEO plugin. -->","yoast_head_json":{"title":"Dr. Murielle Grangeon | Neurorehabilitation Expert","description":"Founder of Neuro-Concept and NeuroTeQ, Dr. Grangeon (PhD, Kin) is a leader in clinical innovation and neurological rehab research.","robots":{"index":"index","follow":"follow","max-snippet":"max-snippet:-1","max-image-preview":"max-image-preview:large","max-video-preview":"max-video-preview:-1"},"canonical":"https:\/\/www.neuro-concept.ca\/en\/our-experts\/dre-murielle-grangeon-phd-kin-admin-a\/","og_locale":"en_US","og_type":"article","og_title":"Dr. Murielle Grangeon | Neurorehabilitation Expert","og_description":"Founder of Neuro-Concept and NeuroTeQ, Dr. Grangeon (PhD, Kin) is a leader in clinical innovation and neurological rehab research.","og_url":"https:\/\/www.neuro-concept.ca\/en\/our-experts\/dre-murielle-grangeon-phd-kin-admin-a\/","og_site_name":"Neuro-Concept - Private Rehabilitation Center","article_publisher":"https:\/\/www.facebook.com\/neuroconcept","article_modified_time":"2025-07-10T18:32:35+00:00","og_image":[{"url":"https:\/\/www.neuro-concept.ca\/wp-content\/uploads\/2021\/11\/1R4A8837@2x.jpg","type":"","width":"","height":""}],"twitter_card":"summary_large_image","twitter_site":"@NeuroConcept","schema":{"@context":"https:\/\/schema.org","@graph":[{"@type":"WebPage","@id":"https:\/\/www.neuro-concept.ca\/en\/our-experts\/dre-murielle-grangeon-phd-kin-admin-a\/","url":"https:\/\/www.neuro-concept.ca\/en\/our-experts\/dre-murielle-grangeon-phd-kin-admin-a\/","name":"Dr. Murielle Grangeon | Neurorehabilitation Expert","isPartOf":{"@id":"https:\/\/www.neuro-concept.ca\/fr\/#website"},"primaryImageOfPage":{"@id":"https:\/\/www.neuro-concept.ca\/en\/our-experts\/dre-murielle-grangeon-phd-kin-admin-a\/#primaryimage"},"image":{"@id":"https:\/\/www.neuro-concept.ca\/en\/our-experts\/dre-murielle-grangeon-phd-kin-admin-a\/#primaryimage"},"thumbnailUrl":"https:\/\/www.neuro-concept.ca\/wp-content\/uploads\/2021\/11\/1R4A8837@2x.jpg","datePublished":"2024-12-16T14:23:45+00:00","dateModified":"2025-07-10T18:32:35+00:00","description":"Founder of Neuro-Concept and NeuroTeQ, Dr. Grangeon (PhD, Kin) is a leader in clinical innovation and neurological rehab research.","breadcrumb":{"@id":"https:\/\/www.neuro-concept.ca\/en\/our-experts\/dre-murielle-grangeon-phd-kin-admin-a\/#breadcrumb"},"inLanguage":"en-ca","potentialAction":[{"@type":"ReadAction","target":["https:\/\/www.neuro-concept.ca\/en\/our-experts\/dre-murielle-grangeon-phd-kin-admin-a\/"]}]},{"@type":"ImageObject","inLanguage":"en-ca","@id":"https:\/\/www.neuro-concept.ca\/en\/our-experts\/dre-murielle-grangeon-phd-kin-admin-a\/#primaryimage","url":"https:\/\/www.neuro-concept.ca\/wp-content\/uploads\/2021\/11\/1R4A8837@2x.jpg","contentUrl":"https:\/\/www.neuro-concept.ca\/wp-content\/uploads\/2021\/11\/1R4A8837@2x.jpg"},{"@type":"BreadcrumbList","@id":"https:\/\/www.neuro-concept.ca\/en\/our-experts\/dre-murielle-grangeon-phd-kin-admin-a\/#breadcrumb","itemListElement":[{"@type":"ListItem","position":1,"name":"Home","item":"https:\/\/www.neuro-concept.ca\/en\/"},{"@type":"ListItem","position":2,"name":"Our Experts in Rehabilitation","item":"https:\/\/www.neuro-concept.ca\/en\/our-experts\/"},{"@type":"ListItem","position":3,"name":"Dre Murielle Grangeon, PhD, Kin, Admin.C."}]},{"@type":"WebSite","@id":"https:\/\/www.neuro-concept.ca\/fr\/#website","url":"https:\/\/www.neuro-concept.ca\/fr\/","name":"Neuro-Concept - Private Rehabilitation Center","description":"La sant\u00e9 - \u00c0 la port\u00e9e de tous","publisher":{"@id":"https:\/\/www.neuro-concept.ca\/fr\/#organization"},"potentialAction":[{"@type":"SearchAction","target":{"@type":"EntryPoint","urlTemplate":"https:\/\/www.neuro-concept.ca\/fr\/?s={search_term_string}"},"query-input":{"@type":"PropertyValueSpecification","valueRequired":true,"valueName":"search_term_string"}}],"inLanguage":"en-ca"},{"@type":"Organization","@id":"https:\/\/www.neuro-concept.ca\/fr\/#organization","name":"Neuro-Concept","url":"https:\/\/www.neuro-concept.ca\/fr\/","logo":{"@type":"ImageObject","inLanguage":"en-ca","@id":"https:\/\/www.neuro-concept.ca\/fr\/#\/schema\/logo\/image\/","url":"https:\/\/www.neuro-concept.ca\/wp-content\/uploads\/2019\/07\/favicon-1.png","contentUrl":"https:\/\/www.neuro-concept.ca\/wp-content\/uploads\/2019\/07\/favicon-1.png","width":330,"height":330,"caption":"Neuro-Concept"},"image":{"@id":"https:\/\/www.neuro-concept.ca\/fr\/#\/schema\/logo\/image\/"},"sameAs":["https:\/\/www.facebook.com\/neuroconcept","https:\/\/x.com\/NeuroConcept","https:\/\/www.instagram.com\/neuroconcept.rehab\/","https:\/\/twitter.com\/NeuroConcept"]}]}},"_links":{"self":[{"href":"https:\/\/www.neuro-concept.ca\/en\/wp-json\/wp\/v2\/pages\/11840","targetHints":{"allow":["GET"]}}],"collection":[{"href":"https:\/\/www.neuro-concept.ca\/en\/wp-json\/wp\/v2\/pages"}],"about":[{"href":"https:\/\/www.neuro-concept.ca\/en\/wp-json\/wp\/v2\/types\/page"}],"author":[{"embeddable":true,"href":"https:\/\/www.neuro-concept.ca\/en\/wp-json\/wp\/v2\/users\/1"}],"replies":[{"embeddable":true,"href":"https:\/\/www.neuro-concept.ca\/en\/wp-json\/wp\/v2\/comments?post=11840"}],"version-history":[{"count":12,"href":"https:\/\/www.neuro-concept.ca\/en\/wp-json\/wp\/v2\/pages\/11840\/revisions"}],"predecessor-version":[{"id":13975,"href":"https:\/\/www.neuro-concept.ca\/en\/wp-json\/wp\/v2\/pages\/11840\/revisions\/13975"}],"up":[{"embeddable":true,"href":"https:\/\/www.neuro-concept.ca\/en\/wp-json\/wp\/v2\/pages\/2740"}],"wp:attachment":[{"href":"https:\/\/www.neuro-concept.ca\/en\/wp-json\/wp\/v2\/media?parent=11840"}],"curies":[{"name":"wp","href":"https:\/\/api.w.org\/{rel}","templated":true}]}}